{"id":1372,"date":"2020-07-15T17:05:29","date_gmt":"2020-07-15T15:05:29","guid":{"rendered":"https:\/\/hiperinsulinka.pl\/index.php\/koszyk\/"},"modified":"2025-07-16T09:16:56","modified_gmt":"2025-07-16T07:16:56","slug":"koszyk","status":"publish","type":"page","link":"https:\/\/hiperinsulinka.pl\/index.php\/koszyk\/","title":{"rendered":"Koszyk"},"content":{"rendered":"\t\t<div data-elementor-type=\"wp-page\" data-elementor-id=\"1372\" class=\"elementor elementor-1372\" data-elementor-post-type=\"page\">\n\t\t\t\t\t\t<section class=\"elementor-section elementor-top-section elementor-element elementor-element-7c53336f elementor-section-boxed elementor-section-height-default elementor-section-height-default\" data-id=\"7c53336f\" data-element_type=\"section\">\n\t\t\t\t\t\t<div class=\"elementor-container elementor-column-gap-default\">\n\t\t\t\t\t<div class=\"elementor-column elementor-col-100 elementor-top-column elementor-element elementor-element-2fd0747d\" data-id=\"2fd0747d\" data-element_type=\"column\">\n\t\t\t<div class=\"elementor-widget-wrap elementor-element-populated\">\n\t\t\t\t\t\t<div class=\"elementor-element elementor-element-502cd1b7 elementor-widget elementor-widget-text-editor\" data-id=\"502cd1b7\" data-element_type=\"widget\" data-widget_type=\"text-editor.default\">\n\t\t\t\t<div class=\"elementor-widget-container\">\n\t\t\t\t\t\t\t\t\t\t\t\t\t\t\t\t\t<\/div>\n\t\t\t\t<\/div>\n\t\t\t\t\t<\/div>\n\t\t<\/div>\n\t\t\t\t\t<\/div>\n\t\t<\/section>\n\t\t\t\t<section class=\"elementor-section elementor-top-section elementor-element elementor-element-ed2dff9 elementor-section-boxed elementor-section-height-default elementor-section-height-default\" data-id=\"ed2dff9\" data-element_type=\"section\">\n\t\t\t\t\t\t<div class=\"elementor-container elementor-column-gap-default\">\n\t\t\t\t\t<div class=\"elementor-column elementor-col-100 elementor-top-column elementor-element elementor-element-865dd09\" data-id=\"865dd09\" data-element_type=\"column\">\n\t\t\t<div class=\"elementor-widget-wrap\">\n\t\t\t\t\t\t\t<\/div>\n\t\t<\/div>\n\t\t\t\t\t<\/div>\n\t\t<\/section>\n\t\t\t\t<\/div>\n\t\t","protected":false},"excerpt":{"rendered":"","protected":false},"author":1,"featured_media":0,"parent":0,"menu_order":0,"comment_status":"closed","ping_status":"closed","template":"","meta":{"_acf_changed":false,"_kad_blocks_custom_css":"","_kad_blocks_head_custom_js":"","_kad_blocks_body_custom_js":"","_kad_blocks_footer_custom_js":"","_kad_post_transparent":"","_kad_post_title":"","_kad_post_layout":"","_kad_post_sidebar_id":"","_kad_post_content_style":"","_kad_post_vertical_padding":"","_kad_post_feature":"","_kad_post_feature_position":"","_kad_post_header":false,"_kad_post_footer":false,"footnotes":""},"class_list":["post-1372","page","type-page","status-publish","hentry"],"acf":[],"yoast_head":"<!-- This site is optimized with the Yoast SEO plugin v27.1.1 - https:\/\/yoast.com\/product\/yoast-seo-wordpress\/ -->\n<title>Koszyk - Hiperinsulinka<\/title>\n<meta name=\"robots\" content=\"index, follow, max-snippet:-1, max-image-preview:large, max-video-preview:-1\" \/>\n<link rel=\"canonical\" href=\"https:\/\/hiperinsulinka.pl\/index.php\/koszyk\/\" \/>\n<meta property=\"og:locale\" content=\"pl_PL\" \/>\n<meta property=\"og:type\" content=\"article\" \/>\n<meta property=\"og:title\" content=\"Koszyk - Hiperinsulinka\" \/>\n<meta property=\"og:url\" content=\"https:\/\/hiperinsulinka.pl\/index.php\/koszyk\/\" \/>\n<meta property=\"og:site_name\" content=\"Hiperinsulinka\" \/>\n<meta property=\"article:modified_time\" content=\"2025-07-16T07:16:56+00:00\" \/>\n<meta name=\"twitter:card\" content=\"summary_large_image\" \/>\n<meta name=\"twitter:label1\" content=\"Szacowany czas czytania\" \/>\n\t<meta name=\"twitter:data1\" content=\"1 minuta\" \/>\n<script type=\"application\/ld+json\" class=\"yoast-schema-graph\">{\"@context\":\"https:\/\/schema.org\",\"@graph\":[{\"@type\":\"WebPage\",\"@id\":\"https:\/\/hiperinsulinka.pl\/index.php\/koszyk\/\",\"url\":\"https:\/\/hiperinsulinka.pl\/index.php\/koszyk\/\",\"name\":\"Koszyk - Hiperinsulinka\",\"isPartOf\":{\"@id\":\"https:\/\/hiperinsulinka.pl\/#website\"},\"datePublished\":\"2020-07-15T15:05:29+00:00\",\"dateModified\":\"2025-07-16T07:16:56+00:00\",\"breadcrumb\":{\"@id\":\"https:\/\/hiperinsulinka.pl\/index.php\/koszyk\/#breadcrumb\"},\"inLanguage\":\"pl-PL\",\"potentialAction\":[{\"@type\":\"ReadAction\",\"target\":[\"https:\/\/hiperinsulinka.pl\/index.php\/koszyk\/\"]}]},{\"@type\":\"BreadcrumbList\",\"@id\":\"https:\/\/hiperinsulinka.pl\/index.php\/koszyk\/#breadcrumb\",\"itemListElement\":[{\"@type\":\"ListItem\",\"position\":1,\"name\":\"Strona g\u0142\u00f3wna\",\"item\":\"https:\/\/hiperinsulinka.pl\/\"},{\"@type\":\"ListItem\",\"position\":2,\"name\":\"Koszyk\"}]},{\"@type\":\"WebSite\",\"@id\":\"https:\/\/hiperinsulinka.pl\/#website\",\"url\":\"https:\/\/hiperinsulinka.pl\/\",\"name\":\"Hiperinsulinka\",\"description\":\"Dietetyk ds. insulinooporno\u015bci i p\u0142odno\u015bci\",\"publisher\":{\"@id\":\"https:\/\/hiperinsulinka.pl\/#organization\"},\"potentialAction\":[{\"@type\":\"SearchAction\",\"target\":{\"@type\":\"EntryPoint\",\"urlTemplate\":\"https:\/\/hiperinsulinka.pl\/?s={search_term_string}\"},\"query-input\":{\"@type\":\"PropertyValueSpecification\",\"valueRequired\":true,\"valueName\":\"search_term_string\"}}],\"inLanguage\":\"pl-PL\"},{\"@type\":\"Organization\",\"@id\":\"https:\/\/hiperinsulinka.pl\/#organization\",\"name\":\"Hiperinsulinka\",\"url\":\"https:\/\/hiperinsulinka.pl\/\",\"logo\":{\"@type\":\"ImageObject\",\"inLanguage\":\"pl-PL\",\"@id\":\"https:\/\/hiperinsulinka.pl\/#\/schema\/logo\/image\/\",\"url\":\"https:\/\/hiperinsulinka.pl\/wp-content\/uploads\/2018\/01\/cropped-logo_final2.png\",\"contentUrl\":\"https:\/\/hiperinsulinka.pl\/wp-content\/uploads\/2018\/01\/cropped-logo_final2.png\",\"width\":451,\"height\":186,\"caption\":\"Hiperinsulinka\"},\"image\":{\"@id\":\"https:\/\/hiperinsulinka.pl\/#\/schema\/logo\/image\/\"}}]}<\/script>\n<!-- \/ Yoast SEO plugin. -->","yoast_head_json":{"title":"Koszyk - Hiperinsulinka","robots":{"index":"index","follow":"follow","max-snippet":"max-snippet:-1","max-image-preview":"max-image-preview:large","max-video-preview":"max-video-preview:-1"},"canonical":"https:\/\/hiperinsulinka.pl\/index.php\/koszyk\/","og_locale":"pl_PL","og_type":"article","og_title":"Koszyk - Hiperinsulinka","og_url":"https:\/\/hiperinsulinka.pl\/index.php\/koszyk\/","og_site_name":"Hiperinsulinka","article_modified_time":"2025-07-16T07:16:56+00:00","twitter_card":"summary_large_image","twitter_misc":{"Szacowany czas czytania":"1 minuta"},"schema":{"@context":"https:\/\/schema.org","@graph":[{"@type":"WebPage","@id":"https:\/\/hiperinsulinka.pl\/index.php\/koszyk\/","url":"https:\/\/hiperinsulinka.pl\/index.php\/koszyk\/","name":"Koszyk - Hiperinsulinka","isPartOf":{"@id":"https:\/\/hiperinsulinka.pl\/#website"},"datePublished":"2020-07-15T15:05:29+00:00","dateModified":"2025-07-16T07:16:56+00:00","breadcrumb":{"@id":"https:\/\/hiperinsulinka.pl\/index.php\/koszyk\/#breadcrumb"},"inLanguage":"pl-PL","potentialAction":[{"@type":"ReadAction","target":["https:\/\/hiperinsulinka.pl\/index.php\/koszyk\/"]}]},{"@type":"BreadcrumbList","@id":"https:\/\/hiperinsulinka.pl\/index.php\/koszyk\/#breadcrumb","itemListElement":[{"@type":"ListItem","position":1,"name":"Strona g\u0142\u00f3wna","item":"https:\/\/hiperinsulinka.pl\/"},{"@type":"ListItem","position":2,"name":"Koszyk"}]},{"@type":"WebSite","@id":"https:\/\/hiperinsulinka.pl\/#website","url":"https:\/\/hiperinsulinka.pl\/","name":"Hiperinsulinka","description":"Dietetyk ds. insulinooporno\u015bci i p\u0142odno\u015bci","publisher":{"@id":"https:\/\/hiperinsulinka.pl\/#organization"},"potentialAction":[{"@type":"SearchAction","target":{"@type":"EntryPoint","urlTemplate":"https:\/\/hiperinsulinka.pl\/?s={search_term_string}"},"query-input":{"@type":"PropertyValueSpecification","valueRequired":true,"valueName":"search_term_string"}}],"inLanguage":"pl-PL"},{"@type":"Organization","@id":"https:\/\/hiperinsulinka.pl\/#organization","name":"Hiperinsulinka","url":"https:\/\/hiperinsulinka.pl\/","logo":{"@type":"ImageObject","inLanguage":"pl-PL","@id":"https:\/\/hiperinsulinka.pl\/#\/schema\/logo\/image\/","url":"https:\/\/hiperinsulinka.pl\/wp-content\/uploads\/2018\/01\/cropped-logo_final2.png","contentUrl":"https:\/\/hiperinsulinka.pl\/wp-content\/uploads\/2018\/01\/cropped-logo_final2.png","width":451,"height":186,"caption":"Hiperinsulinka"},"image":{"@id":"https:\/\/hiperinsulinka.pl\/#\/schema\/logo\/image\/"}}]}},"taxonomy_info":[],"featured_image_src_large":false,"author_info":{"display_name":"westerxd","author_link":"https:\/\/hiperinsulinka.pl\/index.php\/author\/westerxd\/"},"comment_info":0,"_links":{"self":[{"href":"https:\/\/hiperinsulinka.pl\/index.php\/wp-json\/wp\/v2\/pages\/1372","targetHints":{"allow":["GET"]}}],"collection":[{"href":"https:\/\/hiperinsulinka.pl\/index.php\/wp-json\/wp\/v2\/pages"}],"about":[{"href":"https:\/\/hiperinsulinka.pl\/index.php\/wp-json\/wp\/v2\/types\/page"}],"author":[{"embeddable":true,"href":"https:\/\/hiperinsulinka.pl\/index.php\/wp-json\/wp\/v2\/users\/1"}],"replies":[{"embeddable":true,"href":"https:\/\/hiperinsulinka.pl\/index.php\/wp-json\/wp\/v2\/comments?post=1372"}],"version-history":[{"count":3,"href":"https:\/\/hiperinsulinka.pl\/index.php\/wp-json\/wp\/v2\/pages\/1372\/revisions"}],"predecessor-version":[{"id":11774,"href":"https:\/\/hiperinsulinka.pl\/index.php\/wp-json\/wp\/v2\/pages\/1372\/revisions\/11774"}],"wp:attachment":[{"href":"https:\/\/hiperinsulinka.pl\/index.php\/wp-json\/wp\/v2\/media?parent=1372"}],"curies":[{"name":"wp","href":"https:\/\/api.w.org\/{rel}","templated":true}]}}