{"id":11478,"date":"2025-05-06T22:29:18","date_gmt":"2025-05-06T20:29:18","guid":{"rendered":"https:\/\/hiperinsulinka.pl\/?post_type=product&#038;p=11478"},"modified":"2026-03-07T10:37:11","modified_gmt":"2026-03-07T09:37:11","slug":"dieta-w-cukrzycy-ciazowej-wiosna-lato","status":"publish","type":"product","link":"https:\/\/hiperinsulinka.pl\/index.php\/produkt\/dieta-w-cukrzycy-ciazowej-wiosna-lato\/","title":{"rendered":"Dieta w cukrzycy ci\u0105\u017cowej WIOSNA-LATO"},"content":{"rendered":"<p>Jeste\u015b w ci\u0105\u017cy i zdiagnozowano u Ciebie<strong> cukrzyc\u0119 ci\u0105\u017cow\u0105?<\/strong> Nie wiesz jak powinien wygl\u0105da\u0107 Tw\u00f3j jad\u0142ospis i stresujesz si\u0119 jak utrzyma\u0107 glikemi\u0119 na prawid\u0142owym poziomie ?<\/p>\n<p>Stworzy\u0142am ten jad\u0142ospis specjalnie dla kobiet z cukrzyc\u0105 ci\u0105\u017cow\u0105, kt\u00f3re potrzebuj\u0105 zaawansowanej opieki dietetycznej, aby mog\u0142y w spokoju cieszy\u0107 si\u0119 ci\u0105\u017c\u0105 wiedz\u0105c jak komponowa\u0107 sw\u00f3j jad\u0142ospis bez obaw o wahania cukru.<\/p>\n<h4>Dlaczego warto mi zaufa\u0107?<\/h4>\n<p>Jestem dietetykiem i od 9 lat zajmuj\u0119 si\u0119 tematem insulinooporno\u015bci i cukrzycy. Z powodzeniem poprawiam zdrowie i samopoczucie moich podopiecznych. Teraz sama sta\u0142am si\u0119 swoj\u0105 podopieczn\u0105, gdy\u017c w ci\u0105\u017cy ujawni\u0142a si\u0119 u mnie cukrzyca ci\u0105\u017cowa ( ju\u017c w 7 tygodniu)\u00a0 i od tamtej pory przez ca\u0142\u0105 ci\u0105\u017c\u0119 by\u0142am na diecie i mia\u0142am stabilne wyniki <img decoding=\"async\" class=\"emoji\" role=\"img\" draggable=\"false\" src=\"https:\/\/s.w.org\/images\/core\/emoji\/15.0.3\/svg\/1f642.svg\" alt=\"\ud83d\ude42\" \/> Opracowa\u0142am jad\u0142ospisy w oparciu o moj\u0105 diet\u0119 i do\u015bwiadczenie. Wyniki na bie\u017c\u0105co monitorowa\u0142am na sensorze oraz glukometrze.<\/p>\n<p>Posi\u0142ki s\u0105 szybkie i proste w przygotowaniu, bo wiem, \u017ce w ci\u0105\u017cy z cukrzyc\u0105 nie mamy ochoty non stop na wymy\u015blne i trudne w przygotowaniu potrawy.<\/p>\n<h4>Dlaczego warto mie\u0107 jad\u0142ospis?<\/h4>\n<ul>\n<li aria-level=\"1\">odci\u0105\u017cysz si\u0119 z my\u015blenia co zje\u015b\u0107, aby utrzyma\u0107 prawid\u0142owy poziom glikemii<\/li>\n<li aria-level=\"1\">unikniesz frustracji i zniech\u0119cenia do diety w cukrzycy ci\u0105\u017cowej<\/li>\n<li aria-level=\"1\">b\u0119dziesz gotowa\u0107 nie tylko dla siebie, ale r\u00f3wnie\u017c dla partnera, bo w diecie s\u0105 normalne posi\u0142ki<\/li>\n<li aria-level=\"1\">zaczniesz cieszy\u0107 si\u0119 diet\u0105<\/li>\n<li aria-level=\"1\">dostarczysz sobie niezb\u0119dnych w ci\u0105\u017cy makro i mikrosk\u0142adnik\u00f3w, od\u017cywisz siebie oraz swoje dziecko<\/li>\n<li aria-level=\"1\">oszcz\u0119dzisz czas i pieni\u0105dze<\/li>\n<li aria-level=\"1\">nauczysz si\u0119 zdrowych nawyk\u00f3w, kt\u00f3re zostan\u0105 z Tob\u0105 na d\u0142u\u017cej<\/li>\n<li aria-level=\"1\">ograniczysz marnowanie jedzenia<\/li>\n<li aria-level=\"1\">masz do dyspozycji list\u0119 zakup\u00f3w i zawsze b\u0119dziesz wiedzie\u0107 po co si\u0119gn\u0105\u0107 w sklepie<\/li>\n<\/ul>\n<h4>Co otrzymujesz?<\/h4>\n<ul>\n<li aria-level=\"1\">prosty do zastosowania jad\u0142ospis z niskim indeksem glikemicznym\u00a0 na 7 dni ( 6 posi\u0142k\u00f3w w ci\u0105gu dnia uwzgl\u0119dniaj\u0105ce drug\u0105 kolacj\u0119)<\/li>\n<li aria-level=\"1\">3 kaloryczno\u015bci na ka\u017cdy trymestr ci\u0105\u017cy, aby\u015b wiedzia\u0142a jak zwi\u0119ksza\u0107 swoj\u0105 kaloryczno\u015b\u0107 na ka\u017cdym etapie ci\u0105\u017cy ( 2000kcal, 2250kcal, 2500kcal)<\/li>\n<li aria-level=\"1\">informacje na temat cukrzycy ci\u0105\u017cowej, kompozycji posi\u0142k\u00f3w, praktyczne wskaz\u00f3wki<\/li>\n<li aria-level=\"1\">list\u0119 zakup\u00f3w<\/li>\n<li aria-level=\"1\">polecane produkty<\/li>\n<li aria-level=\"1\">list\u0119 zamiennik\u00f3w<\/li>\n<\/ul>\n<h4><img fetchpriority=\"high\" decoding=\"async\" class=\"alignnone size-full wp-image-11512\" src=\"https:\/\/hiperinsulinka.pl\/wp-content\/uploads\/2025\/05\/Zrzut-ekranu-2025-05-6-o-22.03.23-1.png\" alt=\"\" width=\"1990\" height=\"1052\" srcset=\"https:\/\/hiperinsulinka.pl\/wp-content\/uploads\/2025\/05\/Zrzut-ekranu-2025-05-6-o-22.03.23-1.png 1990w, https:\/\/hiperinsulinka.pl\/wp-content\/uploads\/2025\/05\/Zrzut-ekranu-2025-05-6-o-22.03.23-1-300x159.png 300w\" sizes=\"(max-width: 1990px) 100vw, 1990px\" \/><\/h4>\n<h4>Najcz\u0119stsze pytania:<\/h4>\n<p><strong>Czy ten jad\u0142ospis pozwoli mi wyregulowa\u0107 glikemi\u0119?<\/strong><\/p>\n<p>Tak, jad\u0142ospis oparty jest na niskim indeksie glikemicznym, prawid\u0142owej kompozycji posi\u0142k\u00f3w oraz rozk\u0142adzie makrosk\u0142adnik\u00f3w w ci\u0105gu dnia, kt\u00f3re pozwol\u0105 ustabilizowa\u0107 poziom glikemii. Dodatkowo dodana jest druga kolacja, kt\u00f3ra zapobiega nocnej hipoglikemii i reguluje poranne cukry.<\/p>\n<p><strong>Dlaczego w cukrzycy ci\u0105\u017cowej jest 6 posi\u0142k\u00f3w?<\/strong><\/p>\n<p>W cukrzycy ci\u0105\u017cowej korzystniej jest spo\u017cywa\u0107 mniejsze i cz\u0119stsze posi\u0142ki zamiast kilku obfitych. Ograniczamy tym samym \u0142adunek glikemiczny posi\u0142k\u00f3w i sp\u0142aszczamy krzywe glikemii. Dodatkowo w\u0142\u0105czamy drug\u0105 kolacj\u0119 ok. 22 lub je\u015bli chodzisz wcze\u015bnie spa\u0107 to przed snem\u00a0<img decoding=\"async\" class=\"emoji\" role=\"img\" draggable=\"false\" src=\"https:\/\/s.w.org\/images\/core\/emoji\/15.0.3\/svg\/1f642.svg\" alt=\"\ud83d\ude42\" \/><\/p>\n<p><strong>W jakich porach dnia mam zmie\u015bci\u0107 a\u017c 6 posi\u0142k\u00f3w?<\/strong><\/p>\n<p>Najkorzystniej jest utrzymywa\u0107 odst\u0119py 2,5-3 godzinne mi\u0119dzy posi\u0142kami. Je\u015bli nie b\u0119dziesz si\u0119 przejada\u0107 to organizm sam upomni si\u0119 o posi\u0142ek.<\/p>\n<p><strong>Co je\u015bli nie dam rady zje\u015b\u0107 6 posi\u0142k\u00f3w?<\/strong><\/p>\n<p>Czasem w ci\u0105gu dnia mamy du\u017co obowi\u0105zk\u00f3w lub zwyczajnie brak nam apetytu. Wtedy nie zmuszamy si\u0119 na si\u0142\u0119 do kolejnego posi\u0142ku, ale staramy si\u0119 nie pomija\u0107 drugiej kolacji. Tak samo je\u015bli nie masz ochoty dojada\u0107 ca\u0142o\u015bci posi\u0142ku- zostaw i zjedz tyle ile mo\u017cesz.<\/p>\n<p><strong>Co je\u015bli nie lubi\u0119 sk\u0142adnik\u00f3w u\u017cytych w jad\u0142ospisie?<\/strong><\/p>\n<p>Podana jest wygodna lista zamiennik\u00f3w, gdzie nielubiany produkt mo\u017cesz wymieni\u0107 na inny bez obaw, \u017ce przepadnie Ci posi\u0142ek z diety.<\/p>\n<p><strong>Czy w diecie s\u0105 jakie\u015b s\u0142odko\u015bci?<\/strong><\/p>\n<p>Tak\u00a0<img decoding=\"async\" class=\"emoji\" role=\"img\" draggable=\"false\" src=\"https:\/\/s.w.org\/images\/core\/emoji\/15.0.3\/svg\/1f642.svg\" alt=\"\ud83d\ude42\" \/> Sama wiem, jak w ci\u0105\u017cy mamy ochot\u0119 na s\u0142odkie rzeczy. Zamie\u015bci\u0142am zdrowe, zbilansowane s\u0142odkie posi\u0142ki jak: sernik, omlet czy ciasteczka aby\u015b zaspokoi\u0142a swoj\u0105 ochot\u0119 na s\u0142odycze bez konsekwencji waha\u0144 glikemii i si\u0119gania po komercyjne niezdrowe s\u0142odycze.<\/p>\n","protected":false},"excerpt":{"rendered":"<p>Dieta jest przeznaczona dla kobiet ze zdiagnozowan\u0105 cukrzyc\u0105 ci\u0105\u017cow\u0105, kt\u00f3re reguluj\u0105 glikemi\u0119 sam\u0105 diet\u0105 jak i tych leczonych insulin\u0105. Dieta to fundament dla ka\u017cdej kobiety w okresie ci\u0105\u017cy. Otrzymujesz trzy warianty kaloryczne ( 3 diety !!) na ka\u017cdy trymestr ci\u0105\u017cy ( 2000 kcal, 2250 kcal, 2500 kcal).<\/p>\n<p>&nbsp;<\/p>\n<p><span style=\"font-size: 10pt;\">Poprzednia najni\u017csza cena : 139 z\u0142<\/span><\/p>\n","protected":false},"featured_media":11832,"comment_status":"open","ping_status":"closed","template":"","meta":{"_acf_changed":false,"_kad_blocks_custom_css":"","_kad_blocks_head_custom_js":"","_kad_blocks_body_custom_js":"","_kad_blocks_footer_custom_js":"","_kad_post_transparent":"default","_kad_post_title":"","_kad_post_layout":"default","_kad_post_sidebar_id":"","_kad_post_content_style":"default","_kad_post_vertical_padding":"default","_kad_post_feature":"","_kad_post_feature_position":"","_kad_post_header":false,"_kad_post_footer":false},"product_brand":[],"product_cat":[205],"product_tag":[233,270,220,241],"class_list":{"0":"post-11478","1":"product","2":"type-product","3":"status-publish","4":"has-post-thumbnail","6":"product_cat-diety","7":"product_tag-cukrzyca","8":"product_tag-cukrzyca-ciazowa","9":"product_tag-insulinoopornosc","10":"product_tag-niski-indeks-glikemiczny","12":"first","13":"instock","14":"sale","15":"downloadable","16":"virtual","17":"purchasable","18":"product-type-simple","19":"entry","20":"content-bg","21":"loop-entry"},"acf":[],"yoast_head":"<!-- This site is optimized with the Yoast SEO plugin v27.1.1 - https:\/\/yoast.com\/product\/yoast-seo-wordpress\/ -->\n<title>Dieta w cukrzycy ci\u0105\u017cowej WIOSNA-LATO - Hiperinsulinka<\/title>\n<meta name=\"description\" content=\"prosta dieta w cukrzycy ci\u0105\u017cowej z niskim indeksem i \u0142adunkiem glikemicznym pozwalaj\u0105ca na uzyskanie stabilnych cukr\u00f3w w ci\u0105\u017cy\" \/>\n<meta name=\"robots\" content=\"index, follow, max-snippet:-1, max-image-preview:large, max-video-preview:-1\" \/>\n<link rel=\"canonical\" href=\"https:\/\/hiperinsulinka.pl\/index.php\/produkt\/dieta-w-cukrzycy-ciazowej-wiosna-lato\/\" \/>\n<meta property=\"og:locale\" content=\"pl_PL\" \/>\n<meta property=\"og:type\" content=\"article\" \/>\n<meta property=\"og:title\" content=\"Dieta w cukrzycy ci\u0105\u017cowej WIOSNA-LATO - Hiperinsulinka\" \/>\n<meta property=\"og:description\" content=\"prosta dieta w cukrzycy ci\u0105\u017cowej z niskim indeksem i \u0142adunkiem glikemicznym pozwalaj\u0105ca na uzyskanie stabilnych cukr\u00f3w w ci\u0105\u017cy\" \/>\n<meta property=\"og:url\" content=\"https:\/\/hiperinsulinka.pl\/index.php\/produkt\/dieta-w-cukrzycy-ciazowej-wiosna-lato\/\" \/>\n<meta property=\"og:site_name\" content=\"Hiperinsulinka\" \/>\n<meta property=\"article:modified_time\" content=\"2026-03-07T09:37:11+00:00\" \/>\n<meta property=\"og:image\" content=\"https:\/\/hiperinsulinka.pl\/wp-content\/uploads\/2025\/05\/15.jpg\" \/>\n\t<meta property=\"og:image:width\" content=\"300\" \/>\n\t<meta property=\"og:image:height\" content=\"400\" \/>\n\t<meta property=\"og:image:type\" content=\"image\/jpeg\" \/>\n<meta name=\"twitter:card\" content=\"summary_large_image\" \/>\n<meta name=\"twitter:label1\" content=\"Szacowany czas czytania\" \/>\n\t<meta name=\"twitter:data1\" content=\"5 minut\" \/>\n<script type=\"application\/ld+json\" class=\"yoast-schema-graph\">{\"@context\":\"https:\/\/schema.org\",\"@graph\":[{\"@type\":\"WebPage\",\"@id\":\"https:\/\/hiperinsulinka.pl\/index.php\/produkt\/dieta-w-cukrzycy-ciazowej-wiosna-lato\/\",\"url\":\"https:\/\/hiperinsulinka.pl\/index.php\/produkt\/dieta-w-cukrzycy-ciazowej-wiosna-lato\/\",\"name\":\"Dieta w cukrzycy ci\u0105\u017cowej WIOSNA-LATO - Hiperinsulinka\",\"isPartOf\":{\"@id\":\"https:\/\/hiperinsulinka.pl\/#website\"},\"primaryImageOfPage\":{\"@id\":\"https:\/\/hiperinsulinka.pl\/index.php\/produkt\/dieta-w-cukrzycy-ciazowej-wiosna-lato\/#primaryimage\"},\"image\":{\"@id\":\"https:\/\/hiperinsulinka.pl\/index.php\/produkt\/dieta-w-cukrzycy-ciazowej-wiosna-lato\/#primaryimage\"},\"thumbnailUrl\":\"https:\/\/hiperinsulinka.pl\/wp-content\/uploads\/2025\/05\/15.jpg\",\"datePublished\":\"2025-05-06T20:29:18+00:00\",\"dateModified\":\"2026-03-07T09:37:11+00:00\",\"description\":\"prosta dieta w cukrzycy ci\u0105\u017cowej z niskim indeksem i \u0142adunkiem glikemicznym pozwalaj\u0105ca na uzyskanie stabilnych cukr\u00f3w w ci\u0105\u017cy\",\"breadcrumb\":{\"@id\":\"https:\/\/hiperinsulinka.pl\/index.php\/produkt\/dieta-w-cukrzycy-ciazowej-wiosna-lato\/#breadcrumb\"},\"inLanguage\":\"pl-PL\",\"potentialAction\":[{\"@type\":\"ReadAction\",\"target\":[\"https:\/\/hiperinsulinka.pl\/index.php\/produkt\/dieta-w-cukrzycy-ciazowej-wiosna-lato\/\"]}]},{\"@type\":\"ImageObject\",\"inLanguage\":\"pl-PL\",\"@id\":\"https:\/\/hiperinsulinka.pl\/index.php\/produkt\/dieta-w-cukrzycy-ciazowej-wiosna-lato\/#primaryimage\",\"url\":\"https:\/\/hiperinsulinka.pl\/wp-content\/uploads\/2025\/05\/15.jpg\",\"contentUrl\":\"https:\/\/hiperinsulinka.pl\/wp-content\/uploads\/2025\/05\/15.jpg\",\"width\":300,\"height\":400},{\"@type\":\"BreadcrumbList\",\"@id\":\"https:\/\/hiperinsulinka.pl\/index.php\/produkt\/dieta-w-cukrzycy-ciazowej-wiosna-lato\/#breadcrumb\",\"itemListElement\":[{\"@type\":\"ListItem\",\"position\":1,\"name\":\"Strona g\u0142\u00f3wna\",\"item\":\"https:\/\/hiperinsulinka.pl\/\"},{\"@type\":\"ListItem\",\"position\":2,\"name\":\"Sklep\",\"item\":\"https:\/\/hiperinsulinka.pl\/index.php\/sklep\/\"},{\"@type\":\"ListItem\",\"position\":3,\"name\":\"Dieta w cukrzycy ci\u0105\u017cowej WIOSNA-LATO\"}]},{\"@type\":\"WebSite\",\"@id\":\"https:\/\/hiperinsulinka.pl\/#website\",\"url\":\"https:\/\/hiperinsulinka.pl\/\",\"name\":\"Hiperinsulinka\",\"description\":\"Dietetyk ds. insulinooporno\u015bci i p\u0142odno\u015bci\",\"publisher\":{\"@id\":\"https:\/\/hiperinsulinka.pl\/#organization\"},\"potentialAction\":[{\"@type\":\"SearchAction\",\"target\":{\"@type\":\"EntryPoint\",\"urlTemplate\":\"https:\/\/hiperinsulinka.pl\/?s={search_term_string}\"},\"query-input\":{\"@type\":\"PropertyValueSpecification\",\"valueRequired\":true,\"valueName\":\"search_term_string\"}}],\"inLanguage\":\"pl-PL\"},{\"@type\":\"Organization\",\"@id\":\"https:\/\/hiperinsulinka.pl\/#organization\",\"name\":\"Hiperinsulinka\",\"url\":\"https:\/\/hiperinsulinka.pl\/\",\"logo\":{\"@type\":\"ImageObject\",\"inLanguage\":\"pl-PL\",\"@id\":\"https:\/\/hiperinsulinka.pl\/#\/schema\/logo\/image\/\",\"url\":\"https:\/\/hiperinsulinka.pl\/wp-content\/uploads\/2018\/01\/cropped-logo_final2.png\",\"contentUrl\":\"https:\/\/hiperinsulinka.pl\/wp-content\/uploads\/2018\/01\/cropped-logo_final2.png\",\"width\":451,\"height\":186,\"caption\":\"Hiperinsulinka\"},\"image\":{\"@id\":\"https:\/\/hiperinsulinka.pl\/#\/schema\/logo\/image\/\"}}]}<\/script>\n<!-- \/ Yoast SEO plugin. -->","yoast_head_json":{"title":"Dieta w cukrzycy ci\u0105\u017cowej WIOSNA-LATO - Hiperinsulinka","description":"prosta dieta w cukrzycy ci\u0105\u017cowej z niskim indeksem i \u0142adunkiem glikemicznym pozwalaj\u0105ca na uzyskanie stabilnych cukr\u00f3w w ci\u0105\u017cy","robots":{"index":"index","follow":"follow","max-snippet":"max-snippet:-1","max-image-preview":"max-image-preview:large","max-video-preview":"max-video-preview:-1"},"canonical":"https:\/\/hiperinsulinka.pl\/index.php\/produkt\/dieta-w-cukrzycy-ciazowej-wiosna-lato\/","og_locale":"pl_PL","og_type":"article","og_title":"Dieta w cukrzycy ci\u0105\u017cowej WIOSNA-LATO - Hiperinsulinka","og_description":"prosta dieta w cukrzycy ci\u0105\u017cowej z niskim indeksem i \u0142adunkiem glikemicznym pozwalaj\u0105ca na uzyskanie stabilnych cukr\u00f3w w ci\u0105\u017cy","og_url":"https:\/\/hiperinsulinka.pl\/index.php\/produkt\/dieta-w-cukrzycy-ciazowej-wiosna-lato\/","og_site_name":"Hiperinsulinka","article_modified_time":"2026-03-07T09:37:11+00:00","og_image":[{"width":300,"height":400,"url":"https:\/\/hiperinsulinka.pl\/wp-content\/uploads\/2025\/05\/15.jpg","type":"image\/jpeg"}],"twitter_card":"summary_large_image","twitter_misc":{"Szacowany czas czytania":"5 minut"},"schema":{"@context":"https:\/\/schema.org","@graph":[{"@type":"WebPage","@id":"https:\/\/hiperinsulinka.pl\/index.php\/produkt\/dieta-w-cukrzycy-ciazowej-wiosna-lato\/","url":"https:\/\/hiperinsulinka.pl\/index.php\/produkt\/dieta-w-cukrzycy-ciazowej-wiosna-lato\/","name":"Dieta w cukrzycy ci\u0105\u017cowej WIOSNA-LATO - Hiperinsulinka","isPartOf":{"@id":"https:\/\/hiperinsulinka.pl\/#website"},"primaryImageOfPage":{"@id":"https:\/\/hiperinsulinka.pl\/index.php\/produkt\/dieta-w-cukrzycy-ciazowej-wiosna-lato\/#primaryimage"},"image":{"@id":"https:\/\/hiperinsulinka.pl\/index.php\/produkt\/dieta-w-cukrzycy-ciazowej-wiosna-lato\/#primaryimage"},"thumbnailUrl":"https:\/\/hiperinsulinka.pl\/wp-content\/uploads\/2025\/05\/15.jpg","datePublished":"2025-05-06T20:29:18+00:00","dateModified":"2026-03-07T09:37:11+00:00","description":"prosta dieta w cukrzycy ci\u0105\u017cowej z niskim indeksem i \u0142adunkiem glikemicznym pozwalaj\u0105ca na uzyskanie stabilnych cukr\u00f3w w ci\u0105\u017cy","breadcrumb":{"@id":"https:\/\/hiperinsulinka.pl\/index.php\/produkt\/dieta-w-cukrzycy-ciazowej-wiosna-lato\/#breadcrumb"},"inLanguage":"pl-PL","potentialAction":[{"@type":"ReadAction","target":["https:\/\/hiperinsulinka.pl\/index.php\/produkt\/dieta-w-cukrzycy-ciazowej-wiosna-lato\/"]}]},{"@type":"ImageObject","inLanguage":"pl-PL","@id":"https:\/\/hiperinsulinka.pl\/index.php\/produkt\/dieta-w-cukrzycy-ciazowej-wiosna-lato\/#primaryimage","url":"https:\/\/hiperinsulinka.pl\/wp-content\/uploads\/2025\/05\/15.jpg","contentUrl":"https:\/\/hiperinsulinka.pl\/wp-content\/uploads\/2025\/05\/15.jpg","width":300,"height":400},{"@type":"BreadcrumbList","@id":"https:\/\/hiperinsulinka.pl\/index.php\/produkt\/dieta-w-cukrzycy-ciazowej-wiosna-lato\/#breadcrumb","itemListElement":[{"@type":"ListItem","position":1,"name":"Strona g\u0142\u00f3wna","item":"https:\/\/hiperinsulinka.pl\/"},{"@type":"ListItem","position":2,"name":"Sklep","item":"https:\/\/hiperinsulinka.pl\/index.php\/sklep\/"},{"@type":"ListItem","position":3,"name":"Dieta w cukrzycy ci\u0105\u017cowej WIOSNA-LATO"}]},{"@type":"WebSite","@id":"https:\/\/hiperinsulinka.pl\/#website","url":"https:\/\/hiperinsulinka.pl\/","name":"Hiperinsulinka","description":"Dietetyk ds. insulinooporno\u015bci i p\u0142odno\u015bci","publisher":{"@id":"https:\/\/hiperinsulinka.pl\/#organization"},"potentialAction":[{"@type":"SearchAction","target":{"@type":"EntryPoint","urlTemplate":"https:\/\/hiperinsulinka.pl\/?s={search_term_string}"},"query-input":{"@type":"PropertyValueSpecification","valueRequired":true,"valueName":"search_term_string"}}],"inLanguage":"pl-PL"},{"@type":"Organization","@id":"https:\/\/hiperinsulinka.pl\/#organization","name":"Hiperinsulinka","url":"https:\/\/hiperinsulinka.pl\/","logo":{"@type":"ImageObject","inLanguage":"pl-PL","@id":"https:\/\/hiperinsulinka.pl\/#\/schema\/logo\/image\/","url":"https:\/\/hiperinsulinka.pl\/wp-content\/uploads\/2018\/01\/cropped-logo_final2.png","contentUrl":"https:\/\/hiperinsulinka.pl\/wp-content\/uploads\/2018\/01\/cropped-logo_final2.png","width":451,"height":186,"caption":"Hiperinsulinka"},"image":{"@id":"https:\/\/hiperinsulinka.pl\/#\/schema\/logo\/image\/"}}]}},"taxonomy_info":{"product_cat":[{"value":205,"label":"Diety"}],"product_tag":[{"value":233,"label":"cukrzyca"},{"value":270,"label":"cukrzyca ci\u0105\u017cowa"},{"value":220,"label":"insulinooporno\u015b\u0107"},{"value":241,"label":"niski indeks glikemiczny"}]},"featured_image_src_large":["https:\/\/hiperinsulinka.pl\/wp-content\/uploads\/2025\/05\/15.jpg",300,400,false],"author_info":[],"comment_info":0,"_links":{"self":[{"href":"https:\/\/hiperinsulinka.pl\/index.php\/wp-json\/wp\/v2\/product\/11478","targetHints":{"allow":["GET"]}}],"collection":[{"href":"https:\/\/hiperinsulinka.pl\/index.php\/wp-json\/wp\/v2\/product"}],"about":[{"href":"https:\/\/hiperinsulinka.pl\/index.php\/wp-json\/wp\/v2\/types\/product"}],"replies":[{"embeddable":true,"href":"https:\/\/hiperinsulinka.pl\/index.php\/wp-json\/wp\/v2\/comments?post=11478"}],"version-history":[{"count":6,"href":"https:\/\/hiperinsulinka.pl\/index.php\/wp-json\/wp\/v2\/product\/11478\/revisions"}],"predecessor-version":[{"id":11678,"href":"https:\/\/hiperinsulinka.pl\/index.php\/wp-json\/wp\/v2\/product\/11478\/revisions\/11678"}],"wp:featuredmedia":[{"embeddable":true,"href":"https:\/\/hiperinsulinka.pl\/index.php\/wp-json\/wp\/v2\/media\/11832"}],"wp:attachment":[{"href":"https:\/\/hiperinsulinka.pl\/index.php\/wp-json\/wp\/v2\/media?parent=11478"}],"wp:term":[{"taxonomy":"product_brand","embeddable":true,"href":"https:\/\/hiperinsulinka.pl\/index.php\/wp-json\/wp\/v2\/product_brand?post=11478"},{"taxonomy":"product_cat","embeddable":true,"href":"https:\/\/hiperinsulinka.pl\/index.php\/wp-json\/wp\/v2\/product_cat?post=11478"},{"taxonomy":"product_tag","embeddable":true,"href":"https:\/\/hiperinsulinka.pl\/index.php\/wp-json\/wp\/v2\/product_tag?post=11478"}],"curies":[{"name":"wp","href":"https:\/\/api.w.org\/{rel}","templated":true}]}}