{"id":13016,"date":"2026-05-10T23:58:29","date_gmt":"2026-05-10T21:58:29","guid":{"rendered":"https:\/\/hiperinsulinka.pl\/?post_type=product&#038;p=13016"},"modified":"2026-05-10T23:58:29","modified_gmt":"2026-05-10T21:58:29","slug":"pakiet-diet-dla-zabieganych-z-niskim-ig","status":"publish","type":"product","link":"https:\/\/hiperinsulinka.pl\/index.php\/produkt\/pakiet-diet-dla-zabieganych-z-niskim-ig\/","title":{"rendered":"PAKIET DIET dla zabieganych z niskim IG"},"content":{"rendered":"<p>PAKIET DIET DLA ZABIEGANYCH- 28 DNI<\/p>\n<p data-start=\"377\" data-end=\"612\">Masz insulinooporno\u015b\u0107 i chcesz w ko\u0144cu schudn\u0105\u0107- ale codzienno\u015b\u0107 nie daje Ci wytchnienia?<br data-start=\"467\" data-end=\"470\" \/>Mi\u0119dzy prac\u0105, domem, dzie\u0107mi i obowi\u0105zkami ci\u0119\u017cko znale\u017a\u0107 czas na gotowanie i planowanie posi\u0142k\u00f3w?<br data-start=\"568\" data-end=\"571\" \/>Ta dieta powsta\u0142a w\u0142a\u015bnie dla Ciebie\u00a0<img decoding=\"async\" class=\"emoji\" role=\"img\" draggable=\"false\" src=\"https:\/\/s.w.org\/images\/core\/emoji\/17.0.2\/svg\/2764.svg\" alt=\"\u2764\ufe0f\" \/><\/p>\n<p data-start=\"614\" data-end=\"848\">Przygotowa\u0142am\u00a0<strong data-start=\"628\" data-end=\"662\">gotowy plan \u017cywienia na 28 dni<\/strong>, stworzony specjalnie dla\u00a0<strong data-start=\"689\" data-end=\"717\">zabieganych kobiet i mam<\/strong>, kt\u00f3re chc\u0105 czu\u0107 si\u0119 dobrze w swoim ciele, je\u015b\u0107 smacznie i zdrowo bez skomplikowanych przepis\u00f3w i d\u0142ugiego stania przy kuchni.<\/p>\n<p data-start=\"850\" data-end=\"1025\">Dieta ma\u00a0<strong data-start=\"859\" data-end=\"897\">niski indeks i \u0142adunek glikemiczny<\/strong>, dzi\u0119ki czemu wspiera gospodark\u0119 w\u0119glowodanow\u0105, pomaga w redukcji masy cia\u0142a i utrzymaniu stabilnej energii przez ca\u0142y dzie\u0144.<\/p>\n<h3><strong>Co znajdziesz w \u015brodku?<\/strong><\/h3>\n<ol>\n<li>W pe\u0142ni zbilansowane\u00a0<strong>proste i szybkie<\/strong> w przygotowaniu posi\u0142ki z niskim indeksem glikemicznym na a\u017c 28 dni.<\/li>\n<li><strong>Cztery posi\u0142ki<\/strong>\u00a0w ci\u0105gu dnia, w tym jeden zdrowy na s\u0142odko.<\/li>\n<li>Posi\u0142ki w ka\u017cdym dniu o\u00a0<strong>zbli\u017conej kaloryczno\u015bci i<\/strong>\u00a0rozk\u0142adzie makrosk\u0142adnik\u00f3w, co daje mo\u017cliwo\u015b\u0107 dostosowania jad\u0142ospisu pod swoje potrzeby i zamiany posi\u0142k\u00f3w mi\u0119dzy sob\u0105 w tygodniu i w ci\u0105gu dnia.<\/li>\n<li><strong>List\u0119 zakup\u00f3w<\/strong>\u00a0potrzebnych sk\u0142adnik\u00f3w.<\/li>\n<li>Przepisy na ka\u017cdy posi\u0142ek,\u00a0<strong>wyliczone makrosk\u0142adniki<\/strong>\u00a0.<\/li>\n<li>Porady i\u00a0<strong>wskaz\u00f3wki<\/strong>\u00a0w insulinooporno\u015bci.<\/li>\n<li><strong>List\u0119 zamiennik\u00f3w<\/strong>\u00a0w razie, gdy nie lubisz jaki\u015b sk\u0142adnik\u00f3w.<\/li>\n<\/ol>\n<h3><strong>Dlaczego moja dieta, a nie inne?<\/strong><\/h3>\n<ul>\n<li>opracowuje diety sama, sprawdzam wszystkie przepisy w praktyce-<strong>\u00a0dzi\u0119ki temu s\u0105 smaczne<\/strong><\/li>\n<li>gotuje szybko, bo nie mam czasu sta\u0107 w kuchni z ma\u0142ym dzieckiem-\u00a0<strong>posi\u0142ki s\u0105 proste i ekspresowe w wykonaniu<\/strong><\/li>\n<li>bazuje na normalnych posi\u0142kach, kt\u00f3re mo\u017ce je\u015b\u0107 ca\u0142a rodzina i ma\u0142e dzieci-\u00a0<strong>nie musisz gotowa\u0107 innych posi\u0142k\u00f3w dla reszty domownik\u00f3w<\/strong><\/li>\n<\/ul>\n<h3><strong>Jak wygl\u0105da jad\u0142ospis?<\/strong><\/h3>\n<ul>\n<li>Jad\u0142ospis sk\u0142ada si\u0119 z\u00a0<strong>4 zbilansowanych posi\u0142k\u00f3w<\/strong>\u00a0( \u015bniadanie, drugie \u015bniadanie, obiad, kolacja) o podanej kaloryczno\u015bci i rozk\u0142adzie makrosk\u0142adnik\u00f3w.<\/li>\n<li>Rozk\u0142ad makrosk\u0142adnik\u00f3w: bia\u0142ko 20-21%, t\u0142uszcz 38-40 %, w\u0119glowodany 40-42%<\/li>\n<li>Do ka\u017cdego posi\u0142ku podany jest spos\u00f3b wykonania, ilo\u015b\u0107 porcji<\/li>\n<li>Posi\u0142ki z ka\u017cdej kategorii np. \u015bniadania s\u0105 do siebie\u00a0<strong>zbli\u017cone<\/strong>\u00a0pod wzgl\u0119dem kaloryczno\u015bci i makrosk\u0142adnik\u00f3w co daje mo\u017cliwo\u015b\u0107 zamiany posi\u0142k\u00f3w mi\u0119dzy dniami ( \u015bniadanie z poniedzia\u0142ku jemy w czwartek lub powtarzamy je r\u00f3wnie\u017c we wtorek).<\/li>\n<li>Posi\u0142ki opieraj\u0105 si\u0119 o\u00a0<strong>niski indeks i \u0142adunek glikemiczny<\/strong>\u00a0oraz zastosowane s\u0105 po\u0142\u0105czenia produkt\u00f3w, kt\u00f3re obni\u017caj\u0105 indeks ca\u0142ego dania<\/li>\n<li>Zawiera zdrowe s\u0142odkie dania zaspokajaj\u0105ce ochot\u0119 na\u00a0<strong>s\u0142odycze<\/strong><\/li>\n<li>Nie wyklucza \u017cadnych grup produkt\u00f3w i nie jest odpowiedni dla os\u00f3b z nietolerancjami czy alergiami pokarmowymi<\/li>\n<\/ul>\n<p>&nbsp;<\/p>\n<p><img fetchpriority=\"high\" decoding=\"async\" class=\"alignnone size-large wp-image-12992\" src=\"https:\/\/hiperinsulinka.pl\/wp-content\/uploads\/2026\/05\/2-1024x724.jpg\" alt=\"\" width=\"1024\" height=\"724\" srcset=\"https:\/\/hiperinsulinka.pl\/wp-content\/uploads\/2026\/05\/2-1024x724.jpg 1024w, https:\/\/hiperinsulinka.pl\/wp-content\/uploads\/2026\/05\/2-300x212.jpg 300w, https:\/\/hiperinsulinka.pl\/wp-content\/uploads\/2026\/05\/2-150x106.jpg 150w, https:\/\/hiperinsulinka.pl\/wp-content\/uploads\/2026\/05\/2-768x543.jpg 768w, https:\/\/hiperinsulinka.pl\/wp-content\/uploads\/2026\/05\/2-1536x1086.jpg 1536w, https:\/\/hiperinsulinka.pl\/wp-content\/uploads\/2026\/05\/2-600x424.jpg 600w, https:\/\/hiperinsulinka.pl\/wp-content\/uploads\/2026\/05\/2.jpg 2000w\" sizes=\"(max-width: 1024px) 100vw, 1024px\" \/><\/p>\n<p><img decoding=\"async\" class=\"alignnone size-large wp-image-12993\" src=\"https:\/\/hiperinsulinka.pl\/wp-content\/uploads\/2026\/05\/3-1024x724.jpg\" alt=\"\" width=\"1024\" height=\"724\" srcset=\"https:\/\/hiperinsulinka.pl\/wp-content\/uploads\/2026\/05\/3-1024x724.jpg 1024w, https:\/\/hiperinsulinka.pl\/wp-content\/uploads\/2026\/05\/3-300x212.jpg 300w, https:\/\/hiperinsulinka.pl\/wp-content\/uploads\/2026\/05\/3-150x106.jpg 150w, https:\/\/hiperinsulinka.pl\/wp-content\/uploads\/2026\/05\/3-768x543.jpg 768w, https:\/\/hiperinsulinka.pl\/wp-content\/uploads\/2026\/05\/3-1536x1086.jpg 1536w, https:\/\/hiperinsulinka.pl\/wp-content\/uploads\/2026\/05\/3-600x424.jpg 600w, https:\/\/hiperinsulinka.pl\/wp-content\/uploads\/2026\/05\/3.jpg 2000w\" sizes=\"(max-width: 1024px) 100vw, 1024px\" \/><\/p>\n<p><img decoding=\"async\" class=\"alignnone size-full wp-image-12460\" src=\"https:\/\/hiperinsulinka.pl\/wp-content\/uploads\/2025\/10\/Zrzut-ekranu-2025-10-18-o-10.54.46.png\" alt=\"\" width=\"991\" height=\"408\" srcset=\"https:\/\/hiperinsulinka.pl\/wp-content\/uploads\/2025\/10\/Zrzut-ekranu-2025-10-18-o-10.54.46.png 991w, https:\/\/hiperinsulinka.pl\/wp-content\/uploads\/2025\/10\/Zrzut-ekranu-2025-10-18-o-10.54.46-300x124.png 300w, https:\/\/hiperinsulinka.pl\/wp-content\/uploads\/2025\/10\/Zrzut-ekranu-2025-10-18-o-10.54.46-150x62.png 150w, https:\/\/hiperinsulinka.pl\/wp-content\/uploads\/2025\/10\/Zrzut-ekranu-2025-10-18-o-10.54.46-768x316.png 768w, https:\/\/hiperinsulinka.pl\/wp-content\/uploads\/2025\/10\/Zrzut-ekranu-2025-10-18-o-10.54.46-600x247.png 600w\" sizes=\"(max-width: 991px) 100vw, 991px\" \/><\/p>\n<p><img loading=\"lazy\" decoding=\"async\" class=\"alignnone size-full wp-image-12461\" src=\"https:\/\/hiperinsulinka.pl\/wp-content\/uploads\/2025\/10\/Zrzut-ekranu-2025-10-18-o-10.54.54.png\" alt=\"\" width=\"991\" height=\"325\" srcset=\"https:\/\/hiperinsulinka.pl\/wp-content\/uploads\/2025\/10\/Zrzut-ekranu-2025-10-18-o-10.54.54.png 991w, https:\/\/hiperinsulinka.pl\/wp-content\/uploads\/2025\/10\/Zrzut-ekranu-2025-10-18-o-10.54.54-300x98.png 300w, https:\/\/hiperinsulinka.pl\/wp-content\/uploads\/2025\/10\/Zrzut-ekranu-2025-10-18-o-10.54.54-150x49.png 150w, https:\/\/hiperinsulinka.pl\/wp-content\/uploads\/2025\/10\/Zrzut-ekranu-2025-10-18-o-10.54.54-768x252.png 768w, https:\/\/hiperinsulinka.pl\/wp-content\/uploads\/2025\/10\/Zrzut-ekranu-2025-10-18-o-10.54.54-600x197.png 600w\" sizes=\"(max-width: 991px) 100vw, 991px\" \/><\/p>\n","protected":false},"excerpt":{"rendered":"<h3 data-start=\"280\" data-end=\"355\">Jeste\u015b kobiet\u0105, kt\u00f3ra chce je\u015b\u0107 zdrowo, ale brakuje Ci czasu na gotowanie?<\/h3>\n<p data-start=\"357\" data-end=\"701\">Ten pakiet diet zosta\u0142 stworzony z my\u015bl\u0105 o <strong data-start=\"414\" data-end=\"436\">zabieganych kobietach ( i mamach)<\/strong>, kt\u00f3re chc\u0105 zadba\u0107 o siebie bez godzin sp\u0119dzonych w kuchni. Wiem, \u017ce codzienne planowanie posi\u0142k\u00f3w bywa trudne \u2013 dlatego przygotowa\u0142am dla Ciebie\u00a0<strong data-start=\"583\" data-end=\"617\">gotowy plan \u017cywienia na 28 dni<\/strong>, kt\u00f3ry pomo\u017ce Ci odzyska\u0107 energi\u0119 i ustabilizowa\u0107 poziom cukru.<\/p>\n<p data-start=\"703\" data-end=\"967\">Wychodz\u0119 z za\u0142o\u017cenia, \u017ce\u00a0<strong data-start=\"728\" data-end=\"764\">dieta to nie restrykcje i zakazy<\/strong>, kt\u00f3re Ci\u0119 ograniczaj\u0105, ale\u00a0<strong data-start=\"793\" data-end=\"822\">smaczne i proste jedzenie<\/strong>, przy kt\u00f3rym nie czujesz, \u017ce \u201ejeste\u015b na diecie\u201d. Chc\u0119 pokaza\u0107 Ci, \u017ce zdrowe od\u017cywianie mo\u017ce by\u0107 naprawd\u0119 \u0142atwe\u2013 nawet przy insulinooporno\u015bci.<\/p>\n<p data-start=\"703\" data-end=\"967\">Posi\u0142ki s\u0105 na prawd\u0119 szybkie i proste w przygotowaniu, nawet przy zabieganym dniu.<\/p>\n","protected":false},"featured_media":12961,"comment_status":"open","ping_status":"closed","template":"","meta":{"_acf_changed":false,"_kad_blocks_custom_css":"","_kad_blocks_head_custom_js":"","_kad_blocks_body_custom_js":"","_kad_blocks_footer_custom_js":"","_kad_post_transparent":"default","_kad_post_title":"","_kad_post_layout":"default","_kad_post_sidebar_id":"","_kad_post_content_style":"default","_kad_post_vertical_padding":"default","_kad_post_feature":"","_kad_post_feature_position":"","_kad_post_header":false,"_kad_post_footer":false},"product_brand":[],"product_cat":[205],"product_tag":[233,280,220],"class_list":{"0":"post-13016","1":"product","2":"type-product","3":"status-publish","4":"has-post-thumbnail","6":"product_cat-diety","7":"product_tag-cukrzyca","8":"product_tag-diety","9":"product_tag-insulinoopornosc","11":"first","12":"instock","13":"sale","14":"shipping-taxable","15":"purchasable","16":"product-type-variable","17":"entry","18":"content-bg","19":"loop-entry"},"acf":[],"yoast_head":"<!-- This site is optimized with the Yoast SEO plugin v27.1.1 - https:\/\/yoast.com\/product\/yoast-seo-wordpress\/ -->\n<title>PAKIET DIET dla zabieganych z niskim IG - Hiperinsulinka<\/title>\n<meta name=\"description\" content=\"Szybkie i proste diety dla zabieganych z insulinooporno\u015bci\u0105 i cukrzyc\u0105 to realny plan, kt\u00f3ry jeste\u015b w stanie zastosowa\u0107 i poprawi\u0107 glikemi\u0119\" \/>\n<meta name=\"robots\" content=\"index, follow, max-snippet:-1, max-image-preview:large, max-video-preview:-1\" \/>\n<link rel=\"canonical\" href=\"https:\/\/hiperinsulinka.pl\/index.php\/produkt\/pakiet-diet-dla-zabieganych-z-niskim-ig\/\" \/>\n<meta property=\"og:locale\" content=\"pl_PL\" \/>\n<meta property=\"og:type\" content=\"article\" \/>\n<meta property=\"og:title\" content=\"PAKIET DIET dla zabieganych z niskim IG - Hiperinsulinka\" \/>\n<meta property=\"og:description\" content=\"Szybkie i proste diety dla zabieganych z insulinooporno\u015bci\u0105 i cukrzyc\u0105 to realny plan, kt\u00f3ry jeste\u015b w stanie zastosowa\u0107 i poprawi\u0107 glikemi\u0119\" \/>\n<meta property=\"og:url\" content=\"https:\/\/hiperinsulinka.pl\/index.php\/produkt\/pakiet-diet-dla-zabieganych-z-niskim-ig\/\" \/>\n<meta property=\"og:site_name\" content=\"Hiperinsulinka\" \/>\n<meta property=\"og:image\" content=\"https:\/\/hiperinsulinka.pl\/wp-content\/uploads\/2026\/05\/32.jpg\" \/>\n\t<meta property=\"og:image:width\" content=\"300\" \/>\n\t<meta property=\"og:image:height\" content=\"400\" \/>\n\t<meta property=\"og:image:type\" content=\"image\/jpeg\" \/>\n<meta name=\"twitter:card\" content=\"summary_large_image\" \/>\n<meta name=\"twitter:label1\" content=\"Szacowany czas czytania\" \/>\n\t<meta name=\"twitter:data1\" content=\"4 minuty\" \/>\n<script type=\"application\/ld+json\" class=\"yoast-schema-graph\">{\"@context\":\"https:\/\/schema.org\",\"@graph\":[{\"@type\":\"WebPage\",\"@id\":\"https:\/\/hiperinsulinka.pl\/index.php\/produkt\/pakiet-diet-dla-zabieganych-z-niskim-ig\/\",\"url\":\"https:\/\/hiperinsulinka.pl\/index.php\/produkt\/pakiet-diet-dla-zabieganych-z-niskim-ig\/\",\"name\":\"PAKIET DIET dla zabieganych z niskim IG - Hiperinsulinka\",\"isPartOf\":{\"@id\":\"https:\/\/hiperinsulinka.pl\/#website\"},\"primaryImageOfPage\":{\"@id\":\"https:\/\/hiperinsulinka.pl\/index.php\/produkt\/pakiet-diet-dla-zabieganych-z-niskim-ig\/#primaryimage\"},\"image\":{\"@id\":\"https:\/\/hiperinsulinka.pl\/index.php\/produkt\/pakiet-diet-dla-zabieganych-z-niskim-ig\/#primaryimage\"},\"thumbnailUrl\":\"https:\/\/hiperinsulinka.pl\/wp-content\/uploads\/2026\/05\/32.jpg\",\"datePublished\":\"2026-05-10T21:58:29+00:00\",\"description\":\"Szybkie i proste diety dla zabieganych z insulinooporno\u015bci\u0105 i cukrzyc\u0105 to realny plan, kt\u00f3ry jeste\u015b w stanie zastosowa\u0107 i poprawi\u0107 glikemi\u0119\",\"breadcrumb\":{\"@id\":\"https:\/\/hiperinsulinka.pl\/index.php\/produkt\/pakiet-diet-dla-zabieganych-z-niskim-ig\/#breadcrumb\"},\"inLanguage\":\"pl-PL\",\"potentialAction\":[{\"@type\":\"ReadAction\",\"target\":[\"https:\/\/hiperinsulinka.pl\/index.php\/produkt\/pakiet-diet-dla-zabieganych-z-niskim-ig\/\"]}]},{\"@type\":\"ImageObject\",\"inLanguage\":\"pl-PL\",\"@id\":\"https:\/\/hiperinsulinka.pl\/index.php\/produkt\/pakiet-diet-dla-zabieganych-z-niskim-ig\/#primaryimage\",\"url\":\"https:\/\/hiperinsulinka.pl\/wp-content\/uploads\/2026\/05\/32.jpg\",\"contentUrl\":\"https:\/\/hiperinsulinka.pl\/wp-content\/uploads\/2026\/05\/32.jpg\",\"width\":300,\"height\":400},{\"@type\":\"BreadcrumbList\",\"@id\":\"https:\/\/hiperinsulinka.pl\/index.php\/produkt\/pakiet-diet-dla-zabieganych-z-niskim-ig\/#breadcrumb\",\"itemListElement\":[{\"@type\":\"ListItem\",\"position\":1,\"name\":\"Strona g\u0142\u00f3wna\",\"item\":\"https:\/\/hiperinsulinka.pl\/\"},{\"@type\":\"ListItem\",\"position\":2,\"name\":\"Sklep\",\"item\":\"https:\/\/hiperinsulinka.pl\/index.php\/sklep\/\"},{\"@type\":\"ListItem\",\"position\":3,\"name\":\"PAKIET DIET dla zabieganych z niskim IG\"}]},{\"@type\":\"WebSite\",\"@id\":\"https:\/\/hiperinsulinka.pl\/#website\",\"url\":\"https:\/\/hiperinsulinka.pl\/\",\"name\":\"Hiperinsulinka\",\"description\":\"Dietetyk ds. insulinooporno\u015bci i p\u0142odno\u015bci\",\"publisher\":{\"@id\":\"https:\/\/hiperinsulinka.pl\/#organization\"},\"potentialAction\":[{\"@type\":\"SearchAction\",\"target\":{\"@type\":\"EntryPoint\",\"urlTemplate\":\"https:\/\/hiperinsulinka.pl\/?s={search_term_string}\"},\"query-input\":{\"@type\":\"PropertyValueSpecification\",\"valueRequired\":true,\"valueName\":\"search_term_string\"}}],\"inLanguage\":\"pl-PL\"},{\"@type\":\"Organization\",\"@id\":\"https:\/\/hiperinsulinka.pl\/#organization\",\"name\":\"Hiperinsulinka\",\"url\":\"https:\/\/hiperinsulinka.pl\/\",\"logo\":{\"@type\":\"ImageObject\",\"inLanguage\":\"pl-PL\",\"@id\":\"https:\/\/hiperinsulinka.pl\/#\/schema\/logo\/image\/\",\"url\":\"https:\/\/hiperinsulinka.pl\/wp-content\/uploads\/2018\/01\/cropped-logo_final2.png\",\"contentUrl\":\"https:\/\/hiperinsulinka.pl\/wp-content\/uploads\/2018\/01\/cropped-logo_final2.png\",\"width\":451,\"height\":186,\"caption\":\"Hiperinsulinka\"},\"image\":{\"@id\":\"https:\/\/hiperinsulinka.pl\/#\/schema\/logo\/image\/\"}}]}<\/script>\n<!-- \/ Yoast SEO plugin. -->","yoast_head_json":{"title":"PAKIET DIET dla zabieganych z niskim IG - Hiperinsulinka","description":"Szybkie i proste diety dla zabieganych z insulinooporno\u015bci\u0105 i cukrzyc\u0105 to realny plan, kt\u00f3ry jeste\u015b w stanie zastosowa\u0107 i poprawi\u0107 glikemi\u0119","robots":{"index":"index","follow":"follow","max-snippet":"max-snippet:-1","max-image-preview":"max-image-preview:large","max-video-preview":"max-video-preview:-1"},"canonical":"https:\/\/hiperinsulinka.pl\/index.php\/produkt\/pakiet-diet-dla-zabieganych-z-niskim-ig\/","og_locale":"pl_PL","og_type":"article","og_title":"PAKIET DIET dla zabieganych z niskim IG - Hiperinsulinka","og_description":"Szybkie i proste diety dla zabieganych z insulinooporno\u015bci\u0105 i cukrzyc\u0105 to realny plan, kt\u00f3ry jeste\u015b w stanie zastosowa\u0107 i poprawi\u0107 glikemi\u0119","og_url":"https:\/\/hiperinsulinka.pl\/index.php\/produkt\/pakiet-diet-dla-zabieganych-z-niskim-ig\/","og_site_name":"Hiperinsulinka","og_image":[{"width":300,"height":400,"url":"https:\/\/hiperinsulinka.pl\/wp-content\/uploads\/2026\/05\/32.jpg","type":"image\/jpeg"}],"twitter_card":"summary_large_image","twitter_misc":{"Szacowany czas czytania":"4 minuty"},"schema":{"@context":"https:\/\/schema.org","@graph":[{"@type":"WebPage","@id":"https:\/\/hiperinsulinka.pl\/index.php\/produkt\/pakiet-diet-dla-zabieganych-z-niskim-ig\/","url":"https:\/\/hiperinsulinka.pl\/index.php\/produkt\/pakiet-diet-dla-zabieganych-z-niskim-ig\/","name":"PAKIET DIET dla zabieganych z niskim IG - Hiperinsulinka","isPartOf":{"@id":"https:\/\/hiperinsulinka.pl\/#website"},"primaryImageOfPage":{"@id":"https:\/\/hiperinsulinka.pl\/index.php\/produkt\/pakiet-diet-dla-zabieganych-z-niskim-ig\/#primaryimage"},"image":{"@id":"https:\/\/hiperinsulinka.pl\/index.php\/produkt\/pakiet-diet-dla-zabieganych-z-niskim-ig\/#primaryimage"},"thumbnailUrl":"https:\/\/hiperinsulinka.pl\/wp-content\/uploads\/2026\/05\/32.jpg","datePublished":"2026-05-10T21:58:29+00:00","description":"Szybkie i proste diety dla zabieganych z insulinooporno\u015bci\u0105 i cukrzyc\u0105 to realny plan, kt\u00f3ry jeste\u015b w stanie zastosowa\u0107 i poprawi\u0107 glikemi\u0119","breadcrumb":{"@id":"https:\/\/hiperinsulinka.pl\/index.php\/produkt\/pakiet-diet-dla-zabieganych-z-niskim-ig\/#breadcrumb"},"inLanguage":"pl-PL","potentialAction":[{"@type":"ReadAction","target":["https:\/\/hiperinsulinka.pl\/index.php\/produkt\/pakiet-diet-dla-zabieganych-z-niskim-ig\/"]}]},{"@type":"ImageObject","inLanguage":"pl-PL","@id":"https:\/\/hiperinsulinka.pl\/index.php\/produkt\/pakiet-diet-dla-zabieganych-z-niskim-ig\/#primaryimage","url":"https:\/\/hiperinsulinka.pl\/wp-content\/uploads\/2026\/05\/32.jpg","contentUrl":"https:\/\/hiperinsulinka.pl\/wp-content\/uploads\/2026\/05\/32.jpg","width":300,"height":400},{"@type":"BreadcrumbList","@id":"https:\/\/hiperinsulinka.pl\/index.php\/produkt\/pakiet-diet-dla-zabieganych-z-niskim-ig\/#breadcrumb","itemListElement":[{"@type":"ListItem","position":1,"name":"Strona g\u0142\u00f3wna","item":"https:\/\/hiperinsulinka.pl\/"},{"@type":"ListItem","position":2,"name":"Sklep","item":"https:\/\/hiperinsulinka.pl\/index.php\/sklep\/"},{"@type":"ListItem","position":3,"name":"PAKIET DIET dla zabieganych z niskim IG"}]},{"@type":"WebSite","@id":"https:\/\/hiperinsulinka.pl\/#website","url":"https:\/\/hiperinsulinka.pl\/","name":"Hiperinsulinka","description":"Dietetyk ds. insulinooporno\u015bci i p\u0142odno\u015bci","publisher":{"@id":"https:\/\/hiperinsulinka.pl\/#organization"},"potentialAction":[{"@type":"SearchAction","target":{"@type":"EntryPoint","urlTemplate":"https:\/\/hiperinsulinka.pl\/?s={search_term_string}"},"query-input":{"@type":"PropertyValueSpecification","valueRequired":true,"valueName":"search_term_string"}}],"inLanguage":"pl-PL"},{"@type":"Organization","@id":"https:\/\/hiperinsulinka.pl\/#organization","name":"Hiperinsulinka","url":"https:\/\/hiperinsulinka.pl\/","logo":{"@type":"ImageObject","inLanguage":"pl-PL","@id":"https:\/\/hiperinsulinka.pl\/#\/schema\/logo\/image\/","url":"https:\/\/hiperinsulinka.pl\/wp-content\/uploads\/2018\/01\/cropped-logo_final2.png","contentUrl":"https:\/\/hiperinsulinka.pl\/wp-content\/uploads\/2018\/01\/cropped-logo_final2.png","width":451,"height":186,"caption":"Hiperinsulinka"},"image":{"@id":"https:\/\/hiperinsulinka.pl\/#\/schema\/logo\/image\/"}}]}},"taxonomy_info":{"product_cat":[{"value":205,"label":"Diety"}],"product_tag":[{"value":233,"label":"cukrzyca"},{"value":280,"label":"diety"},{"value":220,"label":"insulinooporno\u015b\u0107"}]},"featured_image_src_large":["https:\/\/hiperinsulinka.pl\/wp-content\/uploads\/2026\/05\/32.jpg",300,400,false],"author_info":[],"comment_info":0,"_links":{"self":[{"href":"https:\/\/hiperinsulinka.pl\/index.php\/wp-json\/wp\/v2\/product\/13016","targetHints":{"allow":["GET"]}}],"collection":[{"href":"https:\/\/hiperinsulinka.pl\/index.php\/wp-json\/wp\/v2\/product"}],"about":[{"href":"https:\/\/hiperinsulinka.pl\/index.php\/wp-json\/wp\/v2\/types\/product"}],"replies":[{"embeddable":true,"href":"https:\/\/hiperinsulinka.pl\/index.php\/wp-json\/wp\/v2\/comments?post=13016"}],"version-history":[{"count":1,"href":"https:\/\/hiperinsulinka.pl\/index.php\/wp-json\/wp\/v2\/product\/13016\/revisions"}],"predecessor-version":[{"id":13020,"href":"https:\/\/hiperinsulinka.pl\/index.php\/wp-json\/wp\/v2\/product\/13016\/revisions\/13020"}],"wp:featuredmedia":[{"embeddable":true,"href":"https:\/\/hiperinsulinka.pl\/index.php\/wp-json\/wp\/v2\/media\/12961"}],"wp:attachment":[{"href":"https:\/\/hiperinsulinka.pl\/index.php\/wp-json\/wp\/v2\/media?parent=13016"}],"wp:term":[{"taxonomy":"product_brand","embeddable":true,"href":"https:\/\/hiperinsulinka.pl\/index.php\/wp-json\/wp\/v2\/product_brand?post=13016"},{"taxonomy":"product_cat","embeddable":true,"href":"https:\/\/hiperinsulinka.pl\/index.php\/wp-json\/wp\/v2\/product_cat?post=13016"},{"taxonomy":"product_tag","embeddable":true,"href":"https:\/\/hiperinsulinka.pl\/index.php\/wp-json\/wp\/v2\/product_tag?post=13016"}],"curies":[{"name":"wp","href":"https:\/\/api.w.org\/{rel}","templated":true}]}}