{"id":3436,"date":"2022-06-21T09:37:45","date_gmt":"2022-06-21T07:37:45","guid":{"rendered":"https:\/\/hiperinsulinka.pl\/?post_type=product&#038;p=3436"},"modified":"2024-04-06T01:01:01","modified_gmt":"2024-04-05T23:01:01","slug":"prosty-jadlospis-w-insulinoopornosci-wersja-letnia","status":"publish","type":"product","link":"https:\/\/hiperinsulinka.pl\/index.php\/produkt\/prosty-jadlospis-w-insulinoopornosci-wersja-letnia\/","title":{"rendered":"Prosty jad\u0142ospis w insulinooporno\u015bci. Wersja letnia"},"content":{"rendered":"<p>Chcesz si\u0119 zdrowo od\u017cywia\u0107 w lato? Ten jad\u0142ospis jest dla Ciebie \ud83d\ude0a Wychodz\u0119 z za\u0142o\u017cenia, \u017ce dieta to nie restrykcje i zakazy, kt\u00f3re Ci\u0119 ograniczaj\u0105 a smaczne i proste jedzenie na kt\u00f3rym nie czujesz si\u0119 na diecie. Chc\u0119 nauczy\u0107 Ci\u0119 prostego sposobu \u017cywienia opartego o niski indeks glikemiczny i warto\u015bciowe produkty. W wersji letniej jest wi\u0119cej \u015bwie\u017cych, sezonowych warzyw i owoc\u00f3w. Posi\u0142ki s\u0105 bardziej ch\u0142odz\u0105ce. Przepisy w diecie letniej s\u0105 zupe\u0142nie inne ni\u017c w dietach wiosennych, noworocznych czy jesienno-zimowych, dlatego dostajesz ca\u0142kowicie inne propozycje posi\u0142k\u00f3w i mo\u017cesz cieszy\u0107 si\u0119 nowymi letnimi smakami.<\/p>\n<p style=\"text-align: left;\"><strong>Dieta letnia jest w czterech wariantach kalorycznych: 1500 kcal, 1650 kcal, 1800 kcal, 2000 kcal<\/strong><\/p>\n<p>&nbsp;<\/p>\n<p><strong>Co znajdziesz w \u015brodku?<\/strong><\/p>\n<ol>\n<li>W pe\u0142ni zbilansowane proste w przygotowaniu posi\u0142ki z niskim indeksem i \u0142adunkiem glikemicznym na 7 dni.<\/li>\n<li>Cztery posi\u0142ki w ci\u0105gu dnia, w tym jeden zdrowy na s\u0142odko<\/li>\n<li>Posi\u0142ki w ka\u017cdym dniu o zbli\u017conej kaloryczno\u015bci i rozk\u0142adzie makrosk\u0142adnik\u00f3w, co daje mo\u017cliwo\u015b\u0107 dostosowania jad\u0142ospisu pod swoje potrzeby i zamiany posi\u0142k\u00f3w mi\u0119dzy sob\u0105 w tygodniu i w ci\u0105gu dnia<\/li>\n<li>List\u0119 zakup\u00f3w potrzebnych sk\u0142adnik\u00f3w.<\/li>\n<li>Przepisy na ka\u017cdy posi\u0142ek, wyliczone makrosk\u0142adniki da\u0144.<\/li>\n<li>Porady i wskaz\u00f3wki w insulinooporno\u015bci.<\/li>\n<li>List\u0119 zamiennik\u00f3w w razie, gdy nie lubisz jaki\u015b sk\u0142adnik\u00f3w<\/li>\n<\/ol>\n<p>&nbsp;<\/p>\n<p><strong>Dla kogo skierowany jest jad\u0142ospis?<\/strong><\/p>\n<p>Jad\u0142ospis skierowany jest dla os\u00f3b:<\/p>\n<ul>\n<li>z insulinooporno\u015bci\u0105 , hiperinsulinemi\u0105, cukrzyc\u0105<\/li>\n<li>z zespo\u0142em policystycznych jajnik\u00f3w<\/li>\n<li>z chorobami tarczycy<\/li>\n<li>chc\u0105cych poprawi\u0107 swoja p\u0142odno\u015b\u0107, staraj\u0105cych si\u0119 zaj\u015b\u0107 w ci\u0105\u017c\u0119<\/li>\n<li>chc\u0105cych zdrowo si\u0119 odchudzi\u0107 bez stosowania drastycznych i ma\u0142o smacznych diet<\/li>\n<\/ul>\n<p>&nbsp;<\/p>\n<p><strong>Jak wygl\u0105da jad\u0142ospis?<\/strong><\/p>\n<ul>\n<li>Jad\u0142ospis sk\u0142ada si\u0119 z 4 zbilansowanych posi\u0142k\u00f3w ( \u015bniadanie, drugie \u015bniadanie, obiad, kolacja) o podanej kaloryczno\u015bci i rozk\u0142adzie makrosk\u0142adnik\u00f3w.<\/li>\n<li>Rozk\u0142ad makrosk\u0142adnik\u00f3w: bia\u0142ko 20%, t\u0142uszcz 38-40 %, w\u0119glowodany 40-42%<\/li>\n<li>Do ka\u017cdego posi\u0142ku podany jest spos\u00f3b wykonania, czas i ilo\u015b\u0107 porcji<\/li>\n<li>Posi\u0142ki z ka\u017cdej kategorii np. \u015bniadania s\u0105 do siebie zbli\u017cone pod wzgl\u0119dem kaloryczno\u015bci i makrosk\u0142adnik\u00f3w co daje mo\u017cliwo\u015b\u0107 zamiany posi\u0142k\u00f3w mi\u0119dzy dniami ( \u015bniadanie z poniedzia\u0142ku jemy w czwartek lub powtarzamy je r\u00f3wnie\u017c we wtorek).<\/li>\n<li>S\u0105 4 obiady z mi\u0119sem, 1 z ryb\u0105 i 2 wege. Je\u015bli nie jesz mi\u0119sa mo\u017cesz podmieni\u0107 je na wege zamienniki<\/li>\n<li>Obiady s\u0105 podawane na wi\u0119ksze porcje, dzi\u0119ki czemu mo\u017cna przygotowa\u0107 go na dwa dni i nie gotowa\u0107 codziennie czego innego<\/li>\n<li>Posi\u0142ki opieraj\u0105 si\u0119 o niski indeks glikemiczny oraz zastosowane s\u0105 po\u0142\u0105czenia produkt\u00f3w, kt\u00f3re obni\u017caj\u0105 indeks ca\u0142ego dania<\/li>\n<li>Zawiera zdrowe s\u0142odkie dania zaspokajaj\u0105ce ochot\u0119 na s\u0142odycze<\/li>\n<li>Nie wyklucza \u017cadnych grup produkt\u00f3w i nie jest odpowiedni dla os\u00f3b z nietolerancjami czy alergiami pokarmowymi<\/li>\n<\/ul>\n<p>&nbsp;<\/p>\n<p><strong>Jakie korzy\u015bci przyniesie Ci jad\u0142ospis?<\/strong><\/p>\n<ul>\n<li>Stosowanie jad\u0142ospisu z niskim indeksem glikemicznym przyczyni si\u0119 do poprawy stanu zdrowia, ustabilizuje poziom glukozy i insuliny a co za tym idzie zmniejszy ochot\u0119 na podjadanie. Zmniejszy zm\u0119czenie w ci\u0105gu dnia, senno\u015b\u0107 po posi\u0142kach i ograniczy s\u0142odycze w diecie. Mo\u017ce przyczyni\u0107 si\u0119 r\u00f3wnie\u017c do poprawy p\u0142odno\u015bci i zwi\u0119kszenie szansy zaj\u015bcia w ci\u0105\u017c\u0119<\/li>\n<li>Oszcz\u0119dzi Tw\u00f3j czas oraz pieni\u0105dze, dzi\u0119ki zbilansowanym propozycjom posi\u0142k\u00f3w na ka\u017cdy dzie\u0144<\/li>\n<li>Wprowadzi do Twojej diety urozmaicenie<\/li>\n<li>Nauczy Ci\u0119 zdrowych nawyk\u00f3w oraz komponowania posi\u0142k\u00f3w<\/li>\n<\/ul>\n<p>&nbsp;<\/p>\n<p><strong>Jak i kiedy otrzymasz sw\u00f3j jad\u0142ospis?<\/strong><\/p>\n<ul>\n<li>Po zaksi\u0119gowaniu wp\u0142aty na stronie pojawia si\u0119 link do pobrania diety. Dieta jest r\u00f3wnie\u017c dost\u0119pna przez ca\u0142y czas na podanym przez Ciebie emailu. Uwa\u017caj, zdarza si\u0119, \u017ce wiadomo\u015b\u0107 wpada do spamu.<\/li>\n<li>W wiadomo\u015bci po prawej stronie jest link do pobrania diety. Dost\u0119p do niej jest do\u017cywotni.<\/li>\n<li>Plik otrzymujesz w formie pdf<\/li>\n<\/ul>\n<p>&nbsp;<\/p>\n<p>Je\u015bli masz jakie\u015b\u00a0pytania o jad\u0142ospis lub chcesz dobra\u0107 ze mn\u0105 kaloryczno\u015b\u0107, napisz:\u00a0<a href=\"mailto:kontakt@hiperinsulinka.pl\">kontakt@hiperinsulinka.pl<\/a><\/p>\n<p>&nbsp;<\/p>\n<p>Pami\u0119taj, \u017ce jad\u0142ospis nie jest dobrany indywidualnie, wi\u0119c je\u015bli masz inne choroby, alergi\u0119 lepiej skorzystaj z indywidualnej porady\u00a0<a href=\"https:\/\/hiperinsulinka.pl\/index.php\/elementor-1253\/\">Indywidualna wsp\u00f3\u0142praca<\/a><\/p>\n","protected":false},"excerpt":{"rendered":"<p>Prosta dieta w insulinooporno\u015bci- wersja letnia to smaczny i prosty do stosowania jad\u0142ospis skierowany dla os\u00f3b z insulinooporno\u015bci\u0105, cukrzyc\u0105, zaburzeniami glikemii lub os\u00f3b kt\u00f3re po prostu chc\u0105 si\u0119 zdrowo od\u017cywia\u0107 na co dzie\u0144. Uwzgl\u0119dnia maksimum sezonowo\u015bci produkt\u00f3w.<\/p>\n","protected":false},"featured_media":3437,"comment_status":"open","ping_status":"closed","template":"","meta":{"_acf_changed":false,"_kad_blocks_custom_css":"","_kad_blocks_head_custom_js":"","_kad_blocks_body_custom_js":"","_kad_blocks_footer_custom_js":"","_kad_post_transparent":"default","_kad_post_title":"","_kad_post_layout":"default","_kad_post_sidebar_id":"","_kad_post_content_style":"default","_kad_post_vertical_padding":"default","_kad_post_feature":"","_kad_post_feature_position":"","_kad_post_header":false,"_kad_post_footer":false},"product_brand":[],"product_cat":[205],"product_tag":[233,219,244,220],"class_list":{"0":"post-3436","1":"product","2":"type-product","3":"status-publish","4":"has-post-thumbnail","6":"product_cat-diety","7":"product_tag-cukrzyca","8":"product_tag-dieta","9":"product_tag-dietaonline","10":"product_tag-insulinoopornosc","12":"first","13":"instock","14":"shipping-taxable","15":"purchasable","16":"product-type-variable","17":"entry","18":"content-bg","19":"loop-entry"},"acf":[],"yoast_head":"<!-- This site is optimized with the Yoast SEO plugin v27.1.1 - https:\/\/yoast.com\/product\/yoast-seo-wordpress\/ -->\n<title>Prosty jad\u0142ospis w insulinooporno\u015bci. Wersja letnia - Hiperinsulinka<\/title>\n<meta name=\"robots\" content=\"index, follow, max-snippet:-1, max-image-preview:large, max-video-preview:-1\" \/>\n<link rel=\"canonical\" href=\"https:\/\/hiperinsulinka.pl\/index.php\/produkt\/prosty-jadlospis-w-insulinoopornosci-wersja-letnia\/\" \/>\n<meta property=\"og:locale\" content=\"pl_PL\" \/>\n<meta property=\"og:type\" content=\"article\" \/>\n<meta property=\"og:title\" content=\"Prosty jad\u0142ospis w insulinooporno\u015bci. Wersja letnia - Hiperinsulinka\" \/>\n<meta property=\"og:description\" content=\"Prosta dieta w insulinooporno\u015bci- wersja letnia to smaczny i prosty do stosowania jad\u0142ospis skierowany dla os\u00f3b z insulinooporno\u015bci\u0105, cukrzyc\u0105, zaburzeniami glikemii lub os\u00f3b kt\u00f3re po prostu chc\u0105 si\u0119 zdrowo od\u017cywia\u0107 na co dzie\u0144. Uwzgl\u0119dnia maksimum sezonowo\u015bci produkt\u00f3w.\" \/>\n<meta property=\"og:url\" content=\"https:\/\/hiperinsulinka.pl\/index.php\/produkt\/prosty-jadlospis-w-insulinoopornosci-wersja-letnia\/\" \/>\n<meta property=\"og:site_name\" content=\"Hiperinsulinka\" \/>\n<meta property=\"article:modified_time\" content=\"2024-04-05T23:01:01+00:00\" \/>\n<meta property=\"og:image\" content=\"https:\/\/hiperinsulinka.pl\/wp-content\/uploads\/2022\/06\/Wersja-letnia.png\" \/>\n\t<meta property=\"og:image:width\" content=\"300\" \/>\n\t<meta property=\"og:image:height\" content=\"400\" \/>\n\t<meta property=\"og:image:type\" content=\"image\/png\" \/>\n<meta name=\"twitter:card\" content=\"summary_large_image\" \/>\n<meta name=\"twitter:label1\" content=\"Szacowany czas czytania\" \/>\n\t<meta name=\"twitter:data1\" content=\"4 minuty\" \/>\n<script type=\"application\/ld+json\" class=\"yoast-schema-graph\">{\"@context\":\"https:\/\/schema.org\",\"@graph\":[{\"@type\":\"WebPage\",\"@id\":\"https:\/\/hiperinsulinka.pl\/index.php\/produkt\/prosty-jadlospis-w-insulinoopornosci-wersja-letnia\/\",\"url\":\"https:\/\/hiperinsulinka.pl\/index.php\/produkt\/prosty-jadlospis-w-insulinoopornosci-wersja-letnia\/\",\"name\":\"Prosty jad\u0142ospis w insulinooporno\u015bci. Wersja letnia - Hiperinsulinka\",\"isPartOf\":{\"@id\":\"https:\/\/hiperinsulinka.pl\/#website\"},\"primaryImageOfPage\":{\"@id\":\"https:\/\/hiperinsulinka.pl\/index.php\/produkt\/prosty-jadlospis-w-insulinoopornosci-wersja-letnia\/#primaryimage\"},\"image\":{\"@id\":\"https:\/\/hiperinsulinka.pl\/index.php\/produkt\/prosty-jadlospis-w-insulinoopornosci-wersja-letnia\/#primaryimage\"},\"thumbnailUrl\":\"https:\/\/hiperinsulinka.pl\/wp-content\/uploads\/2022\/06\/Wersja-letnia.png\",\"datePublished\":\"2022-06-21T07:37:45+00:00\",\"dateModified\":\"2024-04-05T23:01:01+00:00\",\"breadcrumb\":{\"@id\":\"https:\/\/hiperinsulinka.pl\/index.php\/produkt\/prosty-jadlospis-w-insulinoopornosci-wersja-letnia\/#breadcrumb\"},\"inLanguage\":\"pl-PL\",\"potentialAction\":[{\"@type\":\"ReadAction\",\"target\":[\"https:\/\/hiperinsulinka.pl\/index.php\/produkt\/prosty-jadlospis-w-insulinoopornosci-wersja-letnia\/\"]}]},{\"@type\":\"ImageObject\",\"inLanguage\":\"pl-PL\",\"@id\":\"https:\/\/hiperinsulinka.pl\/index.php\/produkt\/prosty-jadlospis-w-insulinoopornosci-wersja-letnia\/#primaryimage\",\"url\":\"https:\/\/hiperinsulinka.pl\/wp-content\/uploads\/2022\/06\/Wersja-letnia.png\",\"contentUrl\":\"https:\/\/hiperinsulinka.pl\/wp-content\/uploads\/2022\/06\/Wersja-letnia.png\",\"width\":300,\"height\":400},{\"@type\":\"BreadcrumbList\",\"@id\":\"https:\/\/hiperinsulinka.pl\/index.php\/produkt\/prosty-jadlospis-w-insulinoopornosci-wersja-letnia\/#breadcrumb\",\"itemListElement\":[{\"@type\":\"ListItem\",\"position\":1,\"name\":\"Strona g\u0142\u00f3wna\",\"item\":\"https:\/\/hiperinsulinka.pl\/\"},{\"@type\":\"ListItem\",\"position\":2,\"name\":\"Sklep\",\"item\":\"https:\/\/hiperinsulinka.pl\/index.php\/sklep\/\"},{\"@type\":\"ListItem\",\"position\":3,\"name\":\"Prosty jad\u0142ospis w insulinooporno\u015bci. Wersja letnia\"}]},{\"@type\":\"WebSite\",\"@id\":\"https:\/\/hiperinsulinka.pl\/#website\",\"url\":\"https:\/\/hiperinsulinka.pl\/\",\"name\":\"Hiperinsulinka\",\"description\":\"Dietetyk ds. insulinooporno\u015bci i p\u0142odno\u015bci\",\"publisher\":{\"@id\":\"https:\/\/hiperinsulinka.pl\/#organization\"},\"potentialAction\":[{\"@type\":\"SearchAction\",\"target\":{\"@type\":\"EntryPoint\",\"urlTemplate\":\"https:\/\/hiperinsulinka.pl\/?s={search_term_string}\"},\"query-input\":{\"@type\":\"PropertyValueSpecification\",\"valueRequired\":true,\"valueName\":\"search_term_string\"}}],\"inLanguage\":\"pl-PL\"},{\"@type\":\"Organization\",\"@id\":\"https:\/\/hiperinsulinka.pl\/#organization\",\"name\":\"Hiperinsulinka\",\"url\":\"https:\/\/hiperinsulinka.pl\/\",\"logo\":{\"@type\":\"ImageObject\",\"inLanguage\":\"pl-PL\",\"@id\":\"https:\/\/hiperinsulinka.pl\/#\/schema\/logo\/image\/\",\"url\":\"https:\/\/hiperinsulinka.pl\/wp-content\/uploads\/2018\/01\/cropped-logo_final2.png\",\"contentUrl\":\"https:\/\/hiperinsulinka.pl\/wp-content\/uploads\/2018\/01\/cropped-logo_final2.png\",\"width\":451,\"height\":186,\"caption\":\"Hiperinsulinka\"},\"image\":{\"@id\":\"https:\/\/hiperinsulinka.pl\/#\/schema\/logo\/image\/\"}}]}<\/script>\n<!-- \/ Yoast SEO plugin. -->","yoast_head_json":{"title":"Prosty jad\u0142ospis w insulinooporno\u015bci. Wersja letnia - Hiperinsulinka","robots":{"index":"index","follow":"follow","max-snippet":"max-snippet:-1","max-image-preview":"max-image-preview:large","max-video-preview":"max-video-preview:-1"},"canonical":"https:\/\/hiperinsulinka.pl\/index.php\/produkt\/prosty-jadlospis-w-insulinoopornosci-wersja-letnia\/","og_locale":"pl_PL","og_type":"article","og_title":"Prosty jad\u0142ospis w insulinooporno\u015bci. Wersja letnia - Hiperinsulinka","og_description":"Prosta dieta w insulinooporno\u015bci- wersja letnia to smaczny i prosty do stosowania jad\u0142ospis skierowany dla os\u00f3b z insulinooporno\u015bci\u0105, cukrzyc\u0105, zaburzeniami glikemii lub os\u00f3b kt\u00f3re po prostu chc\u0105 si\u0119 zdrowo od\u017cywia\u0107 na co dzie\u0144. Uwzgl\u0119dnia maksimum sezonowo\u015bci produkt\u00f3w.","og_url":"https:\/\/hiperinsulinka.pl\/index.php\/produkt\/prosty-jadlospis-w-insulinoopornosci-wersja-letnia\/","og_site_name":"Hiperinsulinka","article_modified_time":"2024-04-05T23:01:01+00:00","og_image":[{"width":300,"height":400,"url":"https:\/\/hiperinsulinka.pl\/wp-content\/uploads\/2022\/06\/Wersja-letnia.png","type":"image\/png"}],"twitter_card":"summary_large_image","twitter_misc":{"Szacowany czas czytania":"4 minuty"},"schema":{"@context":"https:\/\/schema.org","@graph":[{"@type":"WebPage","@id":"https:\/\/hiperinsulinka.pl\/index.php\/produkt\/prosty-jadlospis-w-insulinoopornosci-wersja-letnia\/","url":"https:\/\/hiperinsulinka.pl\/index.php\/produkt\/prosty-jadlospis-w-insulinoopornosci-wersja-letnia\/","name":"Prosty jad\u0142ospis w insulinooporno\u015bci. Wersja letnia - Hiperinsulinka","isPartOf":{"@id":"https:\/\/hiperinsulinka.pl\/#website"},"primaryImageOfPage":{"@id":"https:\/\/hiperinsulinka.pl\/index.php\/produkt\/prosty-jadlospis-w-insulinoopornosci-wersja-letnia\/#primaryimage"},"image":{"@id":"https:\/\/hiperinsulinka.pl\/index.php\/produkt\/prosty-jadlospis-w-insulinoopornosci-wersja-letnia\/#primaryimage"},"thumbnailUrl":"https:\/\/hiperinsulinka.pl\/wp-content\/uploads\/2022\/06\/Wersja-letnia.png","datePublished":"2022-06-21T07:37:45+00:00","dateModified":"2024-04-05T23:01:01+00:00","breadcrumb":{"@id":"https:\/\/hiperinsulinka.pl\/index.php\/produkt\/prosty-jadlospis-w-insulinoopornosci-wersja-letnia\/#breadcrumb"},"inLanguage":"pl-PL","potentialAction":[{"@type":"ReadAction","target":["https:\/\/hiperinsulinka.pl\/index.php\/produkt\/prosty-jadlospis-w-insulinoopornosci-wersja-letnia\/"]}]},{"@type":"ImageObject","inLanguage":"pl-PL","@id":"https:\/\/hiperinsulinka.pl\/index.php\/produkt\/prosty-jadlospis-w-insulinoopornosci-wersja-letnia\/#primaryimage","url":"https:\/\/hiperinsulinka.pl\/wp-content\/uploads\/2022\/06\/Wersja-letnia.png","contentUrl":"https:\/\/hiperinsulinka.pl\/wp-content\/uploads\/2022\/06\/Wersja-letnia.png","width":300,"height":400},{"@type":"BreadcrumbList","@id":"https:\/\/hiperinsulinka.pl\/index.php\/produkt\/prosty-jadlospis-w-insulinoopornosci-wersja-letnia\/#breadcrumb","itemListElement":[{"@type":"ListItem","position":1,"name":"Strona g\u0142\u00f3wna","item":"https:\/\/hiperinsulinka.pl\/"},{"@type":"ListItem","position":2,"name":"Sklep","item":"https:\/\/hiperinsulinka.pl\/index.php\/sklep\/"},{"@type":"ListItem","position":3,"name":"Prosty jad\u0142ospis w insulinooporno\u015bci. Wersja letnia"}]},{"@type":"WebSite","@id":"https:\/\/hiperinsulinka.pl\/#website","url":"https:\/\/hiperinsulinka.pl\/","name":"Hiperinsulinka","description":"Dietetyk ds. insulinooporno\u015bci i p\u0142odno\u015bci","publisher":{"@id":"https:\/\/hiperinsulinka.pl\/#organization"},"potentialAction":[{"@type":"SearchAction","target":{"@type":"EntryPoint","urlTemplate":"https:\/\/hiperinsulinka.pl\/?s={search_term_string}"},"query-input":{"@type":"PropertyValueSpecification","valueRequired":true,"valueName":"search_term_string"}}],"inLanguage":"pl-PL"},{"@type":"Organization","@id":"https:\/\/hiperinsulinka.pl\/#organization","name":"Hiperinsulinka","url":"https:\/\/hiperinsulinka.pl\/","logo":{"@type":"ImageObject","inLanguage":"pl-PL","@id":"https:\/\/hiperinsulinka.pl\/#\/schema\/logo\/image\/","url":"https:\/\/hiperinsulinka.pl\/wp-content\/uploads\/2018\/01\/cropped-logo_final2.png","contentUrl":"https:\/\/hiperinsulinka.pl\/wp-content\/uploads\/2018\/01\/cropped-logo_final2.png","width":451,"height":186,"caption":"Hiperinsulinka"},"image":{"@id":"https:\/\/hiperinsulinka.pl\/#\/schema\/logo\/image\/"}}]}},"taxonomy_info":{"product_cat":[{"value":205,"label":"Diety"}],"product_tag":[{"value":233,"label":"cukrzyca"},{"value":219,"label":"dieta"},{"value":244,"label":"dietaonline"},{"value":220,"label":"insulinooporno\u015b\u0107"}]},"featured_image_src_large":["https:\/\/hiperinsulinka.pl\/wp-content\/uploads\/2022\/06\/Wersja-letnia.png",300,400,false],"author_info":[],"comment_info":0,"_links":{"self":[{"href":"https:\/\/hiperinsulinka.pl\/index.php\/wp-json\/wp\/v2\/product\/3436","targetHints":{"allow":["GET"]}}],"collection":[{"href":"https:\/\/hiperinsulinka.pl\/index.php\/wp-json\/wp\/v2\/product"}],"about":[{"href":"https:\/\/hiperinsulinka.pl\/index.php\/wp-json\/wp\/v2\/types\/product"}],"replies":[{"embeddable":true,"href":"https:\/\/hiperinsulinka.pl\/index.php\/wp-json\/wp\/v2\/comments?post=3436"}],"version-history":[{"count":1,"href":"https:\/\/hiperinsulinka.pl\/index.php\/wp-json\/wp\/v2\/product\/3436\/revisions"}],"predecessor-version":[{"id":6716,"href":"https:\/\/hiperinsulinka.pl\/index.php\/wp-json\/wp\/v2\/product\/3436\/revisions\/6716"}],"wp:featuredmedia":[{"embeddable":true,"href":"https:\/\/hiperinsulinka.pl\/index.php\/wp-json\/wp\/v2\/media\/3437"}],"wp:attachment":[{"href":"https:\/\/hiperinsulinka.pl\/index.php\/wp-json\/wp\/v2\/media?parent=3436"}],"wp:term":[{"taxonomy":"product_brand","embeddable":true,"href":"https:\/\/hiperinsulinka.pl\/index.php\/wp-json\/wp\/v2\/product_brand?post=3436"},{"taxonomy":"product_cat","embeddable":true,"href":"https:\/\/hiperinsulinka.pl\/index.php\/wp-json\/wp\/v2\/product_cat?post=3436"},{"taxonomy":"product_tag","embeddable":true,"href":"https:\/\/hiperinsulinka.pl\/index.php\/wp-json\/wp\/v2\/product_tag?post=3436"}],"curies":[{"name":"wp","href":"https:\/\/api.w.org\/{rel}","templated":true}]}}