{"id":4982,"date":"2023-02-14T07:55:27","date_gmt":"2023-02-14T06:55:27","guid":{"rendered":"https:\/\/hiperinsulinka.pl\/?post_type=product&#038;p=4982"},"modified":"2026-01-31T01:13:06","modified_gmt":"2026-01-31T00:13:06","slug":"na-slodko-w-insulinoopornosci-ebook-z-przepisami","status":"publish","type":"product","link":"https:\/\/hiperinsulinka.pl\/index.php\/produkt\/na-slodko-w-insulinoopornosci-ebook-z-przepisami\/","title":{"rendered":"Na s\u0142odko w insulinooporno\u015bci- ebook z przepisami"},"content":{"rendered":"<p>Szukasz przepis\u00f3w na tradycyjne ciasta, ale w zdrowszej wersji? Przepadasz za sernikami, karpatk\u0105, miodownikiem, wuzetk\u0105 ale przepisy w Internecie s\u0105 wysokokaloryczne i opieraj\u0105 si\u0119 tylko na bia\u0142ej m\u0105ce i cukrze? Ten ebook jest w\u0142a\u015bnie dla Ciebie ! Zawar\u0142am w nim przepisy na najbardziej popularne ciasta.<\/p>\n<p>&nbsp;<\/p>\n<h3><strong>Co znajdziesz w ebooku?<\/strong><\/h3>\n<p>&nbsp;<\/p>\n<p><span style=\"color: #000000;\"><strong>30 przepis\u00f3w, w tym:<\/strong><\/span><\/p>\n<ul>\n<li>sernik krakowski<\/li>\n<li>sernik na spodzie kakaowym<\/li>\n<li>sernik gotowany<\/li>\n<li>karpatka<\/li>\n<li>napoleonka<\/li>\n<li>wuzetka<\/li>\n<li>piegusek<\/li>\n<li>szarlotka z kruszonk\u0105<\/li>\n<li>ciasto marchewkowe z kremem cytrynowym<\/li>\n<li>kruche ciasto z malinami i piank\u0105<\/li>\n<li>chlebek bananowy<\/li>\n<li>ple\u015bniak<\/li>\n<li>ciasto jogurtowe z owocami<\/li>\n<li>rolada biszkoptowa z galaretk\u0105<\/li>\n<li>tort z \u017celk\u0105 le\u015bn\u0105<\/li>\n<li>tort czekoladowy z \u017celk\u0105 pomara\u0144czow\u0105<\/li>\n<li>tort le\u015bny mech<\/li>\n<li>piernik klasyczny<\/li>\n<li>miodownik z\u0142ocisty<\/li>\n<li>babka cytrynowa<\/li>\n<li>mazurek<\/li>\n<li>makowiec na kruchym spodzie<\/li>\n<li>pe\u0142noziarniste ciasto dro\u017cd\u017cowe<\/li>\n<li>ptasie mleczko<\/li>\n<li>tiramisu 1<\/li>\n<li>tiramisu 2<\/li>\n<li>rogaliki z serem<\/li>\n<li>muffinki owsiane<\/li>\n<li>czekoladowe muffinki z malinami<\/li>\n<li>ciastka ma\u015blane<\/li>\n<\/ul>\n<p>&nbsp;<\/p>\n<h3><strong>Dla kogo jest ten ebook?<\/strong><\/h3>\n<ul>\n<li>dla os\u00f3b z insulinooporno\u015bci\u0105 i cukrzyc\u0105 kt\u00f3re lubi\u0105 s\u0142odko\u015bci i ciasta<\/li>\n<li>dla os\u00f3b kt\u00f3re nie wiedz\u0105 jak piec tradycyjne ciasta w zdrowszej wersji<\/li>\n<li>dla os\u00f3b kt\u00f3re s\u0105 na diecie i potrzebuj\u0105 inspiracji na zdrowsze desery<\/li>\n<li>dla os\u00f3b chc\u0105cych piec zdrowsze wersje tradycyjnych ciast<\/li>\n<\/ul>\n<p>&nbsp;<\/p>\n<h3><strong>Co wyr\u00f3\u017cnia ten ebook?<\/strong><\/h3>\n<ul>\n<li>jedyny ebook ze zdrowszymi wersjami tradycyjnych ciast dostosowany dla os\u00f3b z insulinooporno\u015bci\u0105 i cukrzyc\u0105<\/li>\n<li>przetestowane receptury<\/li>\n<li>dost\u0119pne sk\u0142adniki w ka\u017cdym sklepie (Lidl, Biedronka, Auchan)<\/li>\n<li>wyliczone makrosk\u0142adniki ca\u0142o\u015bci i porcji oraz \u0142adunek glikemiczny porcji<\/li>\n<\/ul>\n<p>&nbsp;<\/p>\n<h3><strong>Jak i kiedy otrzymasz sw\u00f3j ebook?<\/strong><\/h3>\n<ul>\n<li>po zaksi\u0119gowaniu wp\u0142aty na stronie pojawia si\u0119 link do pobrania ebooka. Ebook jest r\u00f3wnie\u017c dost\u0119pny przez ca\u0142y czas na podanym przez Ciebie emailu. Uwa\u017caj, zdarza si\u0119, \u017ce wiadomo\u015b\u0107 wpada do spamu.<\/li>\n<li>w wiadomo\u015bci po prawej stronie jest link do pobrania ebooka. Dost\u0119p do niego jest do\u017cywotni.<\/li>\n<li>plik otrzymujesz w formie pdf<\/li>\n<\/ul>\n<p>&nbsp;<\/p>\n<h3>Opinie:<\/h3>\n<p>&nbsp;<\/p>\n<p><img fetchpriority=\"high\" decoding=\"async\" class=\"alignnone wp-image-5180 size-medium\" src=\"https:\/\/hiperinsulinka.pl\/wp-content\/uploads\/2023\/02\/IMG_9615-279x300.jpg\" alt=\"\" width=\"279\" height=\"300\" srcset=\"https:\/\/hiperinsulinka.pl\/wp-content\/uploads\/2023\/02\/IMG_9615-279x300.jpg 279w, https:\/\/hiperinsulinka.pl\/wp-content\/uploads\/2023\/02\/IMG_9615-600x644.jpg 600w, https:\/\/hiperinsulinka.pl\/wp-content\/uploads\/2023\/02\/IMG_9615-954x1024.jpg 954w, https:\/\/hiperinsulinka.pl\/wp-content\/uploads\/2023\/02\/IMG_9615-140x150.jpg 140w, https:\/\/hiperinsulinka.pl\/wp-content\/uploads\/2023\/02\/IMG_9615-768x825.jpg 768w, https:\/\/hiperinsulinka.pl\/wp-content\/uploads\/2023\/02\/IMG_9615.jpg 1128w\" sizes=\"(max-width: 279px) 100vw, 279px\" \/><img decoding=\"async\" class=\"alignnone wp-image-5181 size-medium\" src=\"https:\/\/hiperinsulinka.pl\/wp-content\/uploads\/2023\/02\/IMG_9616-257x300.jpg\" alt=\"\" width=\"257\" height=\"300\" srcset=\"https:\/\/hiperinsulinka.pl\/wp-content\/uploads\/2023\/02\/IMG_9616-257x300.jpg 257w, https:\/\/hiperinsulinka.pl\/wp-content\/uploads\/2023\/02\/IMG_9616-600x701.jpg 600w, https:\/\/hiperinsulinka.pl\/wp-content\/uploads\/2023\/02\/IMG_9616-876x1024.jpg 876w, https:\/\/hiperinsulinka.pl\/wp-content\/uploads\/2023\/02\/IMG_9616-128x150.jpg 128w, https:\/\/hiperinsulinka.pl\/wp-content\/uploads\/2023\/02\/IMG_9616-768x897.jpg 768w, https:\/\/hiperinsulinka.pl\/wp-content\/uploads\/2023\/02\/IMG_9616.jpg 956w\" sizes=\"(max-width: 257px) 100vw, 257px\" \/><img decoding=\"async\" class=\"alignnone wp-image-5182 size-medium\" src=\"https:\/\/hiperinsulinka.pl\/wp-content\/uploads\/2023\/02\/IMG_9623-197x300.jpg\" alt=\"\" width=\"197\" height=\"300\" srcset=\"https:\/\/hiperinsulinka.pl\/wp-content\/uploads\/2023\/02\/IMG_9623-197x300.jpg 197w, https:\/\/hiperinsulinka.pl\/wp-content\/uploads\/2023\/02\/IMG_9623-600x914.jpg 600w, https:\/\/hiperinsulinka.pl\/wp-content\/uploads\/2023\/02\/IMG_9623-672x1024.jpg 672w, https:\/\/hiperinsulinka.pl\/wp-content\/uploads\/2023\/02\/IMG_9623-98x150.jpg 98w, https:\/\/hiperinsulinka.pl\/wp-content\/uploads\/2023\/02\/IMG_9623-768x1170.jpg 768w, https:\/\/hiperinsulinka.pl\/wp-content\/uploads\/2023\/02\/IMG_9623-1008x1536.jpg 1008w, https:\/\/hiperinsulinka.pl\/wp-content\/uploads\/2023\/02\/IMG_9623.jpg 1170w\" sizes=\"(max-width: 197px) 100vw, 197px\" \/><\/p>\n<p><img loading=\"lazy\" decoding=\"async\" class=\"alignnone wp-image-5183 size-medium\" src=\"https:\/\/hiperinsulinka.pl\/wp-content\/uploads\/2023\/02\/IMG_9620-300x219.jpg\" alt=\"\" width=\"300\" height=\"219\" srcset=\"https:\/\/hiperinsulinka.pl\/wp-content\/uploads\/2023\/02\/IMG_9620-300x219.jpg 300w, https:\/\/hiperinsulinka.pl\/wp-content\/uploads\/2023\/02\/IMG_9620-600x438.jpg 600w, https:\/\/hiperinsulinka.pl\/wp-content\/uploads\/2023\/02\/IMG_9620-150x109.jpg 150w, https:\/\/hiperinsulinka.pl\/wp-content\/uploads\/2023\/02\/IMG_9620-768x560.jpg 768w, https:\/\/hiperinsulinka.pl\/wp-content\/uploads\/2023\/02\/IMG_9620.jpg 1023w\" sizes=\"(max-width: 300px) 100vw, 300px\" \/><img loading=\"lazy\" decoding=\"async\" class=\"alignnone wp-image-5185 size-medium\" src=\"https:\/\/hiperinsulinka.pl\/wp-content\/uploads\/2023\/02\/IMG_9604-300x234.jpg\" alt=\"\" width=\"300\" height=\"234\" srcset=\"https:\/\/hiperinsulinka.pl\/wp-content\/uploads\/2023\/02\/IMG_9604-300x234.jpg 300w, https:\/\/hiperinsulinka.pl\/wp-content\/uploads\/2023\/02\/IMG_9604-600x467.jpg 600w, https:\/\/hiperinsulinka.pl\/wp-content\/uploads\/2023\/02\/IMG_9604-1024x797.jpg 1024w, https:\/\/hiperinsulinka.pl\/wp-content\/uploads\/2023\/02\/IMG_9604-150x117.jpg 150w, https:\/\/hiperinsulinka.pl\/wp-content\/uploads\/2023\/02\/IMG_9604-768x598.jpg 768w, https:\/\/hiperinsulinka.pl\/wp-content\/uploads\/2023\/02\/IMG_9604.jpg 1065w\" sizes=\"(max-width: 300px) 100vw, 300px\" \/><\/p>\n<p>&nbsp;<\/p>\n","protected":false},"excerpt":{"rendered":"<p>NA S\u0141ODKO W INSULINOOPORNO\u015aCI to pierwszy taki ebook z przepisami na tradycyjne ciasta w zdrowszej wersji dla os\u00f3b z insulinooporno\u015bci\u0105 i cukrzyc\u0105. Znajdziesz tutaj przepisy na ka\u017cd\u0105 okazj\u0119 w ci\u0105gu roku na swoje ulubione ciasta.<\/p>\n","protected":false},"featured_media":11853,"comment_status":"open","ping_status":"closed","template":"","meta":{"_acf_changed":false,"_kad_blocks_custom_css":"","_kad_blocks_head_custom_js":"","_kad_blocks_body_custom_js":"","_kad_blocks_footer_custom_js":"","_kad_post_transparent":"default","_kad_post_title":"","_kad_post_layout":"default","_kad_post_sidebar_id":"","_kad_post_content_style":"default","_kad_post_vertical_padding":"default","_kad_post_feature":"","_kad_post_feature_position":"","_kad_post_header":false,"_kad_post_footer":false},"product_brand":[],"product_cat":[254],"product_tag":[255,233,256,220],"class_list":{"0":"post-4982","1":"product","2":"type-product","3":"status-publish","4":"has-post-thumbnail","6":"product_cat-ebooki","7":"product_tag-ciasto","8":"product_tag-cukrzyca","9":"product_tag-ebook","10":"product_tag-insulinoopornosc","12":"first","13":"instock","14":"downloadable","15":"shipping-taxable","16":"purchasable","17":"product-type-simple","18":"entry","19":"content-bg","20":"loop-entry"},"acf":[],"yoast_head":"<!-- This site is optimized with the Yoast SEO plugin v27.1.1 - https:\/\/yoast.com\/product\/yoast-seo-wordpress\/ -->\n<title>Na s\u0142odko w insulinooporno\u015bci- ebook z przepisami - Hiperinsulinka<\/title>\n<meta name=\"description\" content=\"Pierwszy ebook z tradycyjnymi ciastami dla os\u00f3b z insulinooporno\u015bci\u0105 i cukrzyc\u0105. A\u017c 30 przepis\u00f3w. Upiecz sernik, tort, wuzetk\u0119, karpatk\u0119 i wiele innych.\" \/>\n<meta name=\"robots\" content=\"index, follow, max-snippet:-1, max-image-preview:large, max-video-preview:-1\" \/>\n<link rel=\"canonical\" href=\"https:\/\/hiperinsulinka.pl\/index.php\/produkt\/na-slodko-w-insulinoopornosci-ebook-z-przepisami\/\" \/>\n<meta property=\"og:locale\" content=\"pl_PL\" \/>\n<meta property=\"og:type\" content=\"article\" \/>\n<meta property=\"og:title\" content=\"Na s\u0142odko w insulinooporno\u015bci- ebook z przepisami - Hiperinsulinka\" \/>\n<meta property=\"og:description\" content=\"Pierwszy ebook z tradycyjnymi ciastami dla os\u00f3b z insulinooporno\u015bci\u0105 i cukrzyc\u0105. A\u017c 30 przepis\u00f3w. Upiecz sernik, tort, wuzetk\u0119, karpatk\u0119 i wiele innych.\" \/>\n<meta property=\"og:url\" content=\"https:\/\/hiperinsulinka.pl\/index.php\/produkt\/na-slodko-w-insulinoopornosci-ebook-z-przepisami\/\" \/>\n<meta property=\"og:site_name\" content=\"Hiperinsulinka\" \/>\n<meta property=\"article:modified_time\" content=\"2026-01-31T00:13:06+00:00\" \/>\n<meta property=\"og:image\" content=\"https:\/\/hiperinsulinka.pl\/wp-content\/uploads\/2023\/02\/21.jpg\" \/>\n\t<meta property=\"og:image:width\" content=\"300\" \/>\n\t<meta property=\"og:image:height\" content=\"400\" \/>\n\t<meta property=\"og:image:type\" content=\"image\/jpeg\" \/>\n<meta name=\"twitter:card\" content=\"summary_large_image\" \/>\n<meta name=\"twitter:label1\" content=\"Szacowany czas czytania\" \/>\n\t<meta name=\"twitter:data1\" content=\"3 minuty\" \/>\n<script type=\"application\/ld+json\" class=\"yoast-schema-graph\">{\"@context\":\"https:\/\/schema.org\",\"@graph\":[{\"@type\":\"WebPage\",\"@id\":\"https:\/\/hiperinsulinka.pl\/index.php\/produkt\/na-slodko-w-insulinoopornosci-ebook-z-przepisami\/\",\"url\":\"https:\/\/hiperinsulinka.pl\/index.php\/produkt\/na-slodko-w-insulinoopornosci-ebook-z-przepisami\/\",\"name\":\"Na s\u0142odko w insulinooporno\u015bci- ebook z przepisami - Hiperinsulinka\",\"isPartOf\":{\"@id\":\"https:\/\/hiperinsulinka.pl\/#website\"},\"primaryImageOfPage\":{\"@id\":\"https:\/\/hiperinsulinka.pl\/index.php\/produkt\/na-slodko-w-insulinoopornosci-ebook-z-przepisami\/#primaryimage\"},\"image\":{\"@id\":\"https:\/\/hiperinsulinka.pl\/index.php\/produkt\/na-slodko-w-insulinoopornosci-ebook-z-przepisami\/#primaryimage\"},\"thumbnailUrl\":\"https:\/\/hiperinsulinka.pl\/wp-content\/uploads\/2023\/02\/21.jpg\",\"datePublished\":\"2023-02-14T06:55:27+00:00\",\"dateModified\":\"2026-01-31T00:13:06+00:00\",\"description\":\"Pierwszy ebook z tradycyjnymi ciastami dla os\u00f3b z insulinooporno\u015bci\u0105 i cukrzyc\u0105. A\u017c 30 przepis\u00f3w. Upiecz sernik, tort, wuzetk\u0119, karpatk\u0119 i wiele innych.\",\"breadcrumb\":{\"@id\":\"https:\/\/hiperinsulinka.pl\/index.php\/produkt\/na-slodko-w-insulinoopornosci-ebook-z-przepisami\/#breadcrumb\"},\"inLanguage\":\"pl-PL\",\"potentialAction\":[{\"@type\":\"ReadAction\",\"target\":[\"https:\/\/hiperinsulinka.pl\/index.php\/produkt\/na-slodko-w-insulinoopornosci-ebook-z-przepisami\/\"]}]},{\"@type\":\"ImageObject\",\"inLanguage\":\"pl-PL\",\"@id\":\"https:\/\/hiperinsulinka.pl\/index.php\/produkt\/na-slodko-w-insulinoopornosci-ebook-z-przepisami\/#primaryimage\",\"url\":\"https:\/\/hiperinsulinka.pl\/wp-content\/uploads\/2023\/02\/21.jpg\",\"contentUrl\":\"https:\/\/hiperinsulinka.pl\/wp-content\/uploads\/2023\/02\/21.jpg\",\"width\":300,\"height\":400},{\"@type\":\"BreadcrumbList\",\"@id\":\"https:\/\/hiperinsulinka.pl\/index.php\/produkt\/na-slodko-w-insulinoopornosci-ebook-z-przepisami\/#breadcrumb\",\"itemListElement\":[{\"@type\":\"ListItem\",\"position\":1,\"name\":\"Strona g\u0142\u00f3wna\",\"item\":\"https:\/\/hiperinsulinka.pl\/\"},{\"@type\":\"ListItem\",\"position\":2,\"name\":\"Sklep\",\"item\":\"https:\/\/hiperinsulinka.pl\/index.php\/sklep\/\"},{\"@type\":\"ListItem\",\"position\":3,\"name\":\"Na s\u0142odko w insulinooporno\u015bci- ebook z przepisami\"}]},{\"@type\":\"WebSite\",\"@id\":\"https:\/\/hiperinsulinka.pl\/#website\",\"url\":\"https:\/\/hiperinsulinka.pl\/\",\"name\":\"Hiperinsulinka\",\"description\":\"Dietetyk ds. insulinooporno\u015bci i p\u0142odno\u015bci\",\"publisher\":{\"@id\":\"https:\/\/hiperinsulinka.pl\/#organization\"},\"potentialAction\":[{\"@type\":\"SearchAction\",\"target\":{\"@type\":\"EntryPoint\",\"urlTemplate\":\"https:\/\/hiperinsulinka.pl\/?s={search_term_string}\"},\"query-input\":{\"@type\":\"PropertyValueSpecification\",\"valueRequired\":true,\"valueName\":\"search_term_string\"}}],\"inLanguage\":\"pl-PL\"},{\"@type\":\"Organization\",\"@id\":\"https:\/\/hiperinsulinka.pl\/#organization\",\"name\":\"Hiperinsulinka\",\"url\":\"https:\/\/hiperinsulinka.pl\/\",\"logo\":{\"@type\":\"ImageObject\",\"inLanguage\":\"pl-PL\",\"@id\":\"https:\/\/hiperinsulinka.pl\/#\/schema\/logo\/image\/\",\"url\":\"https:\/\/hiperinsulinka.pl\/wp-content\/uploads\/2018\/01\/cropped-logo_final2.png\",\"contentUrl\":\"https:\/\/hiperinsulinka.pl\/wp-content\/uploads\/2018\/01\/cropped-logo_final2.png\",\"width\":451,\"height\":186,\"caption\":\"Hiperinsulinka\"},\"image\":{\"@id\":\"https:\/\/hiperinsulinka.pl\/#\/schema\/logo\/image\/\"}}]}<\/script>\n<!-- \/ Yoast SEO plugin. -->","yoast_head_json":{"title":"Na s\u0142odko w insulinooporno\u015bci- ebook z przepisami - Hiperinsulinka","description":"Pierwszy ebook z tradycyjnymi ciastami dla os\u00f3b z insulinooporno\u015bci\u0105 i cukrzyc\u0105. A\u017c 30 przepis\u00f3w. Upiecz sernik, tort, wuzetk\u0119, karpatk\u0119 i wiele innych.","robots":{"index":"index","follow":"follow","max-snippet":"max-snippet:-1","max-image-preview":"max-image-preview:large","max-video-preview":"max-video-preview:-1"},"canonical":"https:\/\/hiperinsulinka.pl\/index.php\/produkt\/na-slodko-w-insulinoopornosci-ebook-z-przepisami\/","og_locale":"pl_PL","og_type":"article","og_title":"Na s\u0142odko w insulinooporno\u015bci- ebook z przepisami - Hiperinsulinka","og_description":"Pierwszy ebook z tradycyjnymi ciastami dla os\u00f3b z insulinooporno\u015bci\u0105 i cukrzyc\u0105. A\u017c 30 przepis\u00f3w. Upiecz sernik, tort, wuzetk\u0119, karpatk\u0119 i wiele innych.","og_url":"https:\/\/hiperinsulinka.pl\/index.php\/produkt\/na-slodko-w-insulinoopornosci-ebook-z-przepisami\/","og_site_name":"Hiperinsulinka","article_modified_time":"2026-01-31T00:13:06+00:00","og_image":[{"width":300,"height":400,"url":"https:\/\/hiperinsulinka.pl\/wp-content\/uploads\/2023\/02\/21.jpg","type":"image\/jpeg"}],"twitter_card":"summary_large_image","twitter_misc":{"Szacowany czas czytania":"3 minuty"},"schema":{"@context":"https:\/\/schema.org","@graph":[{"@type":"WebPage","@id":"https:\/\/hiperinsulinka.pl\/index.php\/produkt\/na-slodko-w-insulinoopornosci-ebook-z-przepisami\/","url":"https:\/\/hiperinsulinka.pl\/index.php\/produkt\/na-slodko-w-insulinoopornosci-ebook-z-przepisami\/","name":"Na s\u0142odko w insulinooporno\u015bci- ebook z przepisami - Hiperinsulinka","isPartOf":{"@id":"https:\/\/hiperinsulinka.pl\/#website"},"primaryImageOfPage":{"@id":"https:\/\/hiperinsulinka.pl\/index.php\/produkt\/na-slodko-w-insulinoopornosci-ebook-z-przepisami\/#primaryimage"},"image":{"@id":"https:\/\/hiperinsulinka.pl\/index.php\/produkt\/na-slodko-w-insulinoopornosci-ebook-z-przepisami\/#primaryimage"},"thumbnailUrl":"https:\/\/hiperinsulinka.pl\/wp-content\/uploads\/2023\/02\/21.jpg","datePublished":"2023-02-14T06:55:27+00:00","dateModified":"2026-01-31T00:13:06+00:00","description":"Pierwszy ebook z tradycyjnymi ciastami dla os\u00f3b z insulinooporno\u015bci\u0105 i cukrzyc\u0105. A\u017c 30 przepis\u00f3w. Upiecz sernik, tort, wuzetk\u0119, karpatk\u0119 i wiele innych.","breadcrumb":{"@id":"https:\/\/hiperinsulinka.pl\/index.php\/produkt\/na-slodko-w-insulinoopornosci-ebook-z-przepisami\/#breadcrumb"},"inLanguage":"pl-PL","potentialAction":[{"@type":"ReadAction","target":["https:\/\/hiperinsulinka.pl\/index.php\/produkt\/na-slodko-w-insulinoopornosci-ebook-z-przepisami\/"]}]},{"@type":"ImageObject","inLanguage":"pl-PL","@id":"https:\/\/hiperinsulinka.pl\/index.php\/produkt\/na-slodko-w-insulinoopornosci-ebook-z-przepisami\/#primaryimage","url":"https:\/\/hiperinsulinka.pl\/wp-content\/uploads\/2023\/02\/21.jpg","contentUrl":"https:\/\/hiperinsulinka.pl\/wp-content\/uploads\/2023\/02\/21.jpg","width":300,"height":400},{"@type":"BreadcrumbList","@id":"https:\/\/hiperinsulinka.pl\/index.php\/produkt\/na-slodko-w-insulinoopornosci-ebook-z-przepisami\/#breadcrumb","itemListElement":[{"@type":"ListItem","position":1,"name":"Strona g\u0142\u00f3wna","item":"https:\/\/hiperinsulinka.pl\/"},{"@type":"ListItem","position":2,"name":"Sklep","item":"https:\/\/hiperinsulinka.pl\/index.php\/sklep\/"},{"@type":"ListItem","position":3,"name":"Na s\u0142odko w insulinooporno\u015bci- ebook z przepisami"}]},{"@type":"WebSite","@id":"https:\/\/hiperinsulinka.pl\/#website","url":"https:\/\/hiperinsulinka.pl\/","name":"Hiperinsulinka","description":"Dietetyk ds. insulinooporno\u015bci i p\u0142odno\u015bci","publisher":{"@id":"https:\/\/hiperinsulinka.pl\/#organization"},"potentialAction":[{"@type":"SearchAction","target":{"@type":"EntryPoint","urlTemplate":"https:\/\/hiperinsulinka.pl\/?s={search_term_string}"},"query-input":{"@type":"PropertyValueSpecification","valueRequired":true,"valueName":"search_term_string"}}],"inLanguage":"pl-PL"},{"@type":"Organization","@id":"https:\/\/hiperinsulinka.pl\/#organization","name":"Hiperinsulinka","url":"https:\/\/hiperinsulinka.pl\/","logo":{"@type":"ImageObject","inLanguage":"pl-PL","@id":"https:\/\/hiperinsulinka.pl\/#\/schema\/logo\/image\/","url":"https:\/\/hiperinsulinka.pl\/wp-content\/uploads\/2018\/01\/cropped-logo_final2.png","contentUrl":"https:\/\/hiperinsulinka.pl\/wp-content\/uploads\/2018\/01\/cropped-logo_final2.png","width":451,"height":186,"caption":"Hiperinsulinka"},"image":{"@id":"https:\/\/hiperinsulinka.pl\/#\/schema\/logo\/image\/"}}]}},"taxonomy_info":{"product_cat":[{"value":254,"label":"Ebooki"}],"product_tag":[{"value":255,"label":"ciasto"},{"value":233,"label":"cukrzyca"},{"value":256,"label":"ebook"},{"value":220,"label":"insulinooporno\u015b\u0107"}]},"featured_image_src_large":["https:\/\/hiperinsulinka.pl\/wp-content\/uploads\/2023\/02\/21.jpg",300,400,false],"author_info":[],"comment_info":2,"_links":{"self":[{"href":"https:\/\/hiperinsulinka.pl\/index.php\/wp-json\/wp\/v2\/product\/4982","targetHints":{"allow":["GET"]}}],"collection":[{"href":"https:\/\/hiperinsulinka.pl\/index.php\/wp-json\/wp\/v2\/product"}],"about":[{"href":"https:\/\/hiperinsulinka.pl\/index.php\/wp-json\/wp\/v2\/types\/product"}],"replies":[{"embeddable":true,"href":"https:\/\/hiperinsulinka.pl\/index.php\/wp-json\/wp\/v2\/comments?post=4982"}],"version-history":[{"count":7,"href":"https:\/\/hiperinsulinka.pl\/index.php\/wp-json\/wp\/v2\/product\/4982\/revisions"}],"predecessor-version":[{"id":5179,"href":"https:\/\/hiperinsulinka.pl\/index.php\/wp-json\/wp\/v2\/product\/4982\/revisions\/5179"}],"wp:featuredmedia":[{"embeddable":true,"href":"https:\/\/hiperinsulinka.pl\/index.php\/wp-json\/wp\/v2\/media\/11853"}],"wp:attachment":[{"href":"https:\/\/hiperinsulinka.pl\/index.php\/wp-json\/wp\/v2\/media?parent=4982"}],"wp:term":[{"taxonomy":"product_brand","embeddable":true,"href":"https:\/\/hiperinsulinka.pl\/index.php\/wp-json\/wp\/v2\/product_brand?post=4982"},{"taxonomy":"product_cat","embeddable":true,"href":"https:\/\/hiperinsulinka.pl\/index.php\/wp-json\/wp\/v2\/product_cat?post=4982"},{"taxonomy":"product_tag","embeddable":true,"href":"https:\/\/hiperinsulinka.pl\/index.php\/wp-json\/wp\/v2\/product_tag?post=4982"}],"curies":[{"name":"wp","href":"https:\/\/api.w.org\/{rel}","templated":true}]}}