{"id":7828,"date":"2023-12-06T07:50:08","date_gmt":"2023-12-06T06:50:08","guid":{"rendered":"https:\/\/hiperinsulinka.pl\/?post_type=product&#038;p=7828"},"modified":"2025-12-17T12:12:30","modified_gmt":"2025-12-17T11:12:30","slug":"darmowy-e-book-slodkie-swieta-w-insulinoopornosci","status":"publish","type":"product","link":"https:\/\/hiperinsulinka.pl\/index.php\/produkt\/darmowy-e-book-slodkie-swieta-w-insulinoopornosci\/","title":{"rendered":"Darmowy e-book S\u0141ODKIE \u015aWI\u0118TA W INSULINOOPORNO\u015aCI"},"content":{"rendered":"<p>Masz insulinooporno\u015b\u0107, cukrzyc\u0119, cukrzyc\u0119 ci\u0119\u017carnych i chcesz upiec zdrowsze ciasta na \u015awi\u0119ta ? Oddaje w Twoje r\u0119ce darmowego e-booka z przepisami na sprawdzone przeze mnie \u015bwi\u0105teczne wypieki. Smakuj\u0105 i wygl\u0105daj\u0105 jak tradycyjne ciasta, ale s\u0105 od nich zdrowsze:) Dzi\u0119ki czemu nie musisz obawia\u0107 si\u0119 o poziomy swojej glikemii po ich zjedzeniu ( oczywi\u015bcie jedz je w umiarkowanych ilo\u015bciach, bo wszystko w nadmiarze potrafi zaszkodzi\u0107).<\/p>\n<p>Dodatkowo zamie\u015bci\u0142am u\u017cywane przeze mnie produkty i gramatur, dzi\u0119ki czemu \u0142atwiej b\u0119dzie Ci zrobi\u0107 zakupy i upiec ciasta.<\/p>\n<h3>Jakie ciasta znajdziesz w e-booku?<\/h3>\n<p>13 przepis\u00f3w:<\/p>\n<p><img fetchpriority=\"high\" decoding=\"async\" class=\"alignnone size-large wp-image-7831\" src=\"https:\/\/hiperinsulinka.pl\/wp-content\/uploads\/2023\/12\/Kopia-\u2013-Slodkie-swieta-darmowy-ebook-683x1024.png\" alt=\"\" width=\"683\" height=\"1024\" srcset=\"https:\/\/hiperinsulinka.pl\/wp-content\/uploads\/2023\/12\/Kopia-\u2013-Slodkie-swieta-darmowy-ebook-683x1024.png 683w, https:\/\/hiperinsulinka.pl\/wp-content\/uploads\/2023\/12\/Kopia-\u2013-Slodkie-swieta-darmowy-ebook-200x300.png 200w, https:\/\/hiperinsulinka.pl\/wp-content\/uploads\/2023\/12\/Kopia-\u2013-Slodkie-swieta-darmowy-ebook-100x150.png 100w, https:\/\/hiperinsulinka.pl\/wp-content\/uploads\/2023\/12\/Kopia-\u2013-Slodkie-swieta-darmowy-ebook-768x1152.png 768w, https:\/\/hiperinsulinka.pl\/wp-content\/uploads\/2023\/12\/Kopia-\u2013-Slodkie-swieta-darmowy-ebook-1024x1536.png 1024w, https:\/\/hiperinsulinka.pl\/wp-content\/uploads\/2023\/12\/Kopia-\u2013-Slodkie-swieta-darmowy-ebook-1365x2048.png 1365w, https:\/\/hiperinsulinka.pl\/wp-content\/uploads\/2023\/12\/Kopia-\u2013-Slodkie-swieta-darmowy-ebook-600x900.png 600w, https:\/\/hiperinsulinka.pl\/wp-content\/uploads\/2023\/12\/Kopia-\u2013-Slodkie-swieta-darmowy-ebook.png 1500w\" sizes=\"(max-width: 683px) 100vw, 683px\" \/><\/p>\n<h3>Jak pobra\u0107 e-booka?<\/h3>\n<p>Dodaj produkt do koszyka, op\u0142ata nie zostanie naliczona.<\/p>\n<p><strong>A je\u015bli chcesz mie\u0107 wi\u0119cej przepis\u00f3w na zdrowe ciasta polecam Ci ebook: Na s\u0142odko w insulinooporno\u015bci, gdzie znajdziesz przepisy na 30 pysznych wypiek\u00f3w.<a href=\"https:\/\/hiperinsulinka.pl\/index.php\/produkt\/na-slodko-w-insulinoopornosci-ebook-z-przepisami\/\">Na s\u0142odko w insulinooporno\u015bci- ebook z przepisami<\/a><\/strong><\/p>\n","protected":false},"excerpt":{"rendered":"<p>S\u0142odkie \u015bwi\u0119ta- to ebook dla os\u00f3b z insulinooporno\u015bci\u0105 i cukrzyc\u0105, kt\u00f3re chc\u0105 si\u0119 cieszy\u0107 smakiem tradycyjnych \u015bwi\u0105tecznych ciast w zdrowszej wersji \ud83d\ude42<\/p>\n","protected":false},"featured_media":4682,"comment_status":"open","ping_status":"closed","template":"","meta":{"_acf_changed":false,"_kad_blocks_custom_css":"","_kad_blocks_head_custom_js":"","_kad_blocks_body_custom_js":"","_kad_blocks_footer_custom_js":"","_kad_post_transparent":"default","_kad_post_title":"","_kad_post_layout":"default","_kad_post_sidebar_id":"","_kad_post_content_style":"default","_kad_post_vertical_padding":"default","_kad_post_feature":"","_kad_post_feature_position":"","_kad_post_header":false,"_kad_post_footer":false},"product_brand":[],"product_cat":[254],"product_tag":[267,233,220,268],"class_list":{"0":"post-7828","1":"product","2":"type-product","3":"status-publish","4":"has-post-thumbnail","6":"product_cat-ebooki","7":"product_tag-ciasta","8":"product_tag-cukrzyca","9":"product_tag-insulinoopornosc","10":"product_tag-przepisy","12":"first","13":"instock","14":"downloadable","15":"shipping-taxable","16":"purchasable","17":"product-type-simple","18":"entry","19":"content-bg","20":"loop-entry"},"acf":[],"yoast_head":"<!-- This site is optimized with the Yoast SEO plugin v27.1.1 - https:\/\/yoast.com\/product\/yoast-seo-wordpress\/ -->\n<title>Darmowy e-book S\u0141ODKIE \u015aWI\u0118TA W INSULINOOPORNO\u015aCI - Hiperinsulinka<\/title>\n<meta name=\"description\" content=\"S\u0142odkie \u015bwi\u0119ta to ebook przeznaczony dla os\u00f3b z insulinooporno\u015bci\u0105, cukrzyc\u0105, cukrzyc\u0105 ci\u0119\u017carnych, kt\u00f3re chc\u0105 si\u0119 cieszy\u0107 smakiem tradycyjnych ciast.\" \/>\n<meta name=\"robots\" content=\"index, follow, max-snippet:-1, max-image-preview:large, max-video-preview:-1\" \/>\n<link rel=\"canonical\" href=\"https:\/\/hiperinsulinka.pl\/index.php\/produkt\/darmowy-e-book-slodkie-swieta-w-insulinoopornosci\/\" \/>\n<meta property=\"og:locale\" content=\"pl_PL\" \/>\n<meta property=\"og:type\" content=\"article\" \/>\n<meta property=\"og:title\" content=\"Darmowy e-book S\u0141ODKIE \u015aWI\u0118TA W INSULINOOPORNO\u015aCI - Hiperinsulinka\" \/>\n<meta property=\"og:description\" content=\"S\u0142odkie \u015bwi\u0119ta to ebook przeznaczony dla os\u00f3b z insulinooporno\u015bci\u0105, cukrzyc\u0105, cukrzyc\u0105 ci\u0119\u017carnych, kt\u00f3re chc\u0105 si\u0119 cieszy\u0107 smakiem tradycyjnych ciast.\" \/>\n<meta property=\"og:url\" content=\"https:\/\/hiperinsulinka.pl\/index.php\/produkt\/darmowy-e-book-slodkie-swieta-w-insulinoopornosci\/\" \/>\n<meta property=\"og:site_name\" content=\"Hiperinsulinka\" \/>\n<meta property=\"article:modified_time\" content=\"2025-12-17T11:12:30+00:00\" \/>\n<meta property=\"og:image\" content=\"https:\/\/hiperinsulinka.pl\/wp-content\/uploads\/2022\/12\/wersja-jesienno-zimowa-4.png\" \/>\n\t<meta property=\"og:image:width\" content=\"300\" \/>\n\t<meta property=\"og:image:height\" content=\"400\" \/>\n\t<meta property=\"og:image:type\" content=\"image\/png\" \/>\n<meta name=\"twitter:card\" content=\"summary_large_image\" \/>\n<meta name=\"twitter:label1\" content=\"Szacowany czas czytania\" \/>\n\t<meta name=\"twitter:data1\" content=\"2 minuty\" \/>\n<script type=\"application\/ld+json\" class=\"yoast-schema-graph\">{\"@context\":\"https:\/\/schema.org\",\"@graph\":[{\"@type\":\"WebPage\",\"@id\":\"https:\/\/hiperinsulinka.pl\/index.php\/produkt\/darmowy-e-book-slodkie-swieta-w-insulinoopornosci\/\",\"url\":\"https:\/\/hiperinsulinka.pl\/index.php\/produkt\/darmowy-e-book-slodkie-swieta-w-insulinoopornosci\/\",\"name\":\"Darmowy e-book S\u0141ODKIE \u015aWI\u0118TA W INSULINOOPORNO\u015aCI - Hiperinsulinka\",\"isPartOf\":{\"@id\":\"https:\/\/hiperinsulinka.pl\/#website\"},\"primaryImageOfPage\":{\"@id\":\"https:\/\/hiperinsulinka.pl\/index.php\/produkt\/darmowy-e-book-slodkie-swieta-w-insulinoopornosci\/#primaryimage\"},\"image\":{\"@id\":\"https:\/\/hiperinsulinka.pl\/index.php\/produkt\/darmowy-e-book-slodkie-swieta-w-insulinoopornosci\/#primaryimage\"},\"thumbnailUrl\":\"https:\/\/hiperinsulinka.pl\/wp-content\/uploads\/2022\/12\/wersja-jesienno-zimowa-4.png\",\"datePublished\":\"2023-12-06T06:50:08+00:00\",\"dateModified\":\"2025-12-17T11:12:30+00:00\",\"description\":\"S\u0142odkie \u015bwi\u0119ta to ebook przeznaczony dla os\u00f3b z insulinooporno\u015bci\u0105, cukrzyc\u0105, cukrzyc\u0105 ci\u0119\u017carnych, kt\u00f3re chc\u0105 si\u0119 cieszy\u0107 smakiem tradycyjnych ciast.\",\"breadcrumb\":{\"@id\":\"https:\/\/hiperinsulinka.pl\/index.php\/produkt\/darmowy-e-book-slodkie-swieta-w-insulinoopornosci\/#breadcrumb\"},\"inLanguage\":\"pl-PL\",\"potentialAction\":[{\"@type\":\"ReadAction\",\"target\":[\"https:\/\/hiperinsulinka.pl\/index.php\/produkt\/darmowy-e-book-slodkie-swieta-w-insulinoopornosci\/\"]}]},{\"@type\":\"ImageObject\",\"inLanguage\":\"pl-PL\",\"@id\":\"https:\/\/hiperinsulinka.pl\/index.php\/produkt\/darmowy-e-book-slodkie-swieta-w-insulinoopornosci\/#primaryimage\",\"url\":\"https:\/\/hiperinsulinka.pl\/wp-content\/uploads\/2022\/12\/wersja-jesienno-zimowa-4.png\",\"contentUrl\":\"https:\/\/hiperinsulinka.pl\/wp-content\/uploads\/2022\/12\/wersja-jesienno-zimowa-4.png\",\"width\":300,\"height\":400},{\"@type\":\"BreadcrumbList\",\"@id\":\"https:\/\/hiperinsulinka.pl\/index.php\/produkt\/darmowy-e-book-slodkie-swieta-w-insulinoopornosci\/#breadcrumb\",\"itemListElement\":[{\"@type\":\"ListItem\",\"position\":1,\"name\":\"Strona g\u0142\u00f3wna\",\"item\":\"https:\/\/hiperinsulinka.pl\/\"},{\"@type\":\"ListItem\",\"position\":2,\"name\":\"Sklep\",\"item\":\"https:\/\/hiperinsulinka.pl\/index.php\/sklep\/\"},{\"@type\":\"ListItem\",\"position\":3,\"name\":\"Darmowy e-book S\u0141ODKIE \u015aWI\u0118TA W INSULINOOPORNO\u015aCI\"}]},{\"@type\":\"WebSite\",\"@id\":\"https:\/\/hiperinsulinka.pl\/#website\",\"url\":\"https:\/\/hiperinsulinka.pl\/\",\"name\":\"Hiperinsulinka\",\"description\":\"Dietetyk ds. insulinooporno\u015bci i p\u0142odno\u015bci\",\"publisher\":{\"@id\":\"https:\/\/hiperinsulinka.pl\/#organization\"},\"potentialAction\":[{\"@type\":\"SearchAction\",\"target\":{\"@type\":\"EntryPoint\",\"urlTemplate\":\"https:\/\/hiperinsulinka.pl\/?s={search_term_string}\"},\"query-input\":{\"@type\":\"PropertyValueSpecification\",\"valueRequired\":true,\"valueName\":\"search_term_string\"}}],\"inLanguage\":\"pl-PL\"},{\"@type\":\"Organization\",\"@id\":\"https:\/\/hiperinsulinka.pl\/#organization\",\"name\":\"Hiperinsulinka\",\"url\":\"https:\/\/hiperinsulinka.pl\/\",\"logo\":{\"@type\":\"ImageObject\",\"inLanguage\":\"pl-PL\",\"@id\":\"https:\/\/hiperinsulinka.pl\/#\/schema\/logo\/image\/\",\"url\":\"https:\/\/hiperinsulinka.pl\/wp-content\/uploads\/2018\/01\/cropped-logo_final2.png\",\"contentUrl\":\"https:\/\/hiperinsulinka.pl\/wp-content\/uploads\/2018\/01\/cropped-logo_final2.png\",\"width\":451,\"height\":186,\"caption\":\"Hiperinsulinka\"},\"image\":{\"@id\":\"https:\/\/hiperinsulinka.pl\/#\/schema\/logo\/image\/\"}}]}<\/script>\n<!-- \/ Yoast SEO plugin. -->","yoast_head_json":{"title":"Darmowy e-book S\u0141ODKIE \u015aWI\u0118TA W INSULINOOPORNO\u015aCI - Hiperinsulinka","description":"S\u0142odkie \u015bwi\u0119ta to ebook przeznaczony dla os\u00f3b z insulinooporno\u015bci\u0105, cukrzyc\u0105, cukrzyc\u0105 ci\u0119\u017carnych, kt\u00f3re chc\u0105 si\u0119 cieszy\u0107 smakiem tradycyjnych ciast.","robots":{"index":"index","follow":"follow","max-snippet":"max-snippet:-1","max-image-preview":"max-image-preview:large","max-video-preview":"max-video-preview:-1"},"canonical":"https:\/\/hiperinsulinka.pl\/index.php\/produkt\/darmowy-e-book-slodkie-swieta-w-insulinoopornosci\/","og_locale":"pl_PL","og_type":"article","og_title":"Darmowy e-book S\u0141ODKIE \u015aWI\u0118TA W INSULINOOPORNO\u015aCI - Hiperinsulinka","og_description":"S\u0142odkie \u015bwi\u0119ta to ebook przeznaczony dla os\u00f3b z insulinooporno\u015bci\u0105, cukrzyc\u0105, cukrzyc\u0105 ci\u0119\u017carnych, kt\u00f3re chc\u0105 si\u0119 cieszy\u0107 smakiem tradycyjnych ciast.","og_url":"https:\/\/hiperinsulinka.pl\/index.php\/produkt\/darmowy-e-book-slodkie-swieta-w-insulinoopornosci\/","og_site_name":"Hiperinsulinka","article_modified_time":"2025-12-17T11:12:30+00:00","og_image":[{"width":300,"height":400,"url":"https:\/\/hiperinsulinka.pl\/wp-content\/uploads\/2022\/12\/wersja-jesienno-zimowa-4.png","type":"image\/png"}],"twitter_card":"summary_large_image","twitter_misc":{"Szacowany czas czytania":"2 minuty"},"schema":{"@context":"https:\/\/schema.org","@graph":[{"@type":"WebPage","@id":"https:\/\/hiperinsulinka.pl\/index.php\/produkt\/darmowy-e-book-slodkie-swieta-w-insulinoopornosci\/","url":"https:\/\/hiperinsulinka.pl\/index.php\/produkt\/darmowy-e-book-slodkie-swieta-w-insulinoopornosci\/","name":"Darmowy e-book S\u0141ODKIE \u015aWI\u0118TA W INSULINOOPORNO\u015aCI - Hiperinsulinka","isPartOf":{"@id":"https:\/\/hiperinsulinka.pl\/#website"},"primaryImageOfPage":{"@id":"https:\/\/hiperinsulinka.pl\/index.php\/produkt\/darmowy-e-book-slodkie-swieta-w-insulinoopornosci\/#primaryimage"},"image":{"@id":"https:\/\/hiperinsulinka.pl\/index.php\/produkt\/darmowy-e-book-slodkie-swieta-w-insulinoopornosci\/#primaryimage"},"thumbnailUrl":"https:\/\/hiperinsulinka.pl\/wp-content\/uploads\/2022\/12\/wersja-jesienno-zimowa-4.png","datePublished":"2023-12-06T06:50:08+00:00","dateModified":"2025-12-17T11:12:30+00:00","description":"S\u0142odkie \u015bwi\u0119ta to ebook przeznaczony dla os\u00f3b z insulinooporno\u015bci\u0105, cukrzyc\u0105, cukrzyc\u0105 ci\u0119\u017carnych, kt\u00f3re chc\u0105 si\u0119 cieszy\u0107 smakiem tradycyjnych ciast.","breadcrumb":{"@id":"https:\/\/hiperinsulinka.pl\/index.php\/produkt\/darmowy-e-book-slodkie-swieta-w-insulinoopornosci\/#breadcrumb"},"inLanguage":"pl-PL","potentialAction":[{"@type":"ReadAction","target":["https:\/\/hiperinsulinka.pl\/index.php\/produkt\/darmowy-e-book-slodkie-swieta-w-insulinoopornosci\/"]}]},{"@type":"ImageObject","inLanguage":"pl-PL","@id":"https:\/\/hiperinsulinka.pl\/index.php\/produkt\/darmowy-e-book-slodkie-swieta-w-insulinoopornosci\/#primaryimage","url":"https:\/\/hiperinsulinka.pl\/wp-content\/uploads\/2022\/12\/wersja-jesienno-zimowa-4.png","contentUrl":"https:\/\/hiperinsulinka.pl\/wp-content\/uploads\/2022\/12\/wersja-jesienno-zimowa-4.png","width":300,"height":400},{"@type":"BreadcrumbList","@id":"https:\/\/hiperinsulinka.pl\/index.php\/produkt\/darmowy-e-book-slodkie-swieta-w-insulinoopornosci\/#breadcrumb","itemListElement":[{"@type":"ListItem","position":1,"name":"Strona g\u0142\u00f3wna","item":"https:\/\/hiperinsulinka.pl\/"},{"@type":"ListItem","position":2,"name":"Sklep","item":"https:\/\/hiperinsulinka.pl\/index.php\/sklep\/"},{"@type":"ListItem","position":3,"name":"Darmowy e-book S\u0141ODKIE \u015aWI\u0118TA W INSULINOOPORNO\u015aCI"}]},{"@type":"WebSite","@id":"https:\/\/hiperinsulinka.pl\/#website","url":"https:\/\/hiperinsulinka.pl\/","name":"Hiperinsulinka","description":"Dietetyk ds. insulinooporno\u015bci i p\u0142odno\u015bci","publisher":{"@id":"https:\/\/hiperinsulinka.pl\/#organization"},"potentialAction":[{"@type":"SearchAction","target":{"@type":"EntryPoint","urlTemplate":"https:\/\/hiperinsulinka.pl\/?s={search_term_string}"},"query-input":{"@type":"PropertyValueSpecification","valueRequired":true,"valueName":"search_term_string"}}],"inLanguage":"pl-PL"},{"@type":"Organization","@id":"https:\/\/hiperinsulinka.pl\/#organization","name":"Hiperinsulinka","url":"https:\/\/hiperinsulinka.pl\/","logo":{"@type":"ImageObject","inLanguage":"pl-PL","@id":"https:\/\/hiperinsulinka.pl\/#\/schema\/logo\/image\/","url":"https:\/\/hiperinsulinka.pl\/wp-content\/uploads\/2018\/01\/cropped-logo_final2.png","contentUrl":"https:\/\/hiperinsulinka.pl\/wp-content\/uploads\/2018\/01\/cropped-logo_final2.png","width":451,"height":186,"caption":"Hiperinsulinka"},"image":{"@id":"https:\/\/hiperinsulinka.pl\/#\/schema\/logo\/image\/"}}]}},"taxonomy_info":{"product_cat":[{"value":254,"label":"Ebooki"}],"product_tag":[{"value":267,"label":"ciasta"},{"value":233,"label":"cukrzyca"},{"value":220,"label":"insulinooporno\u015b\u0107"},{"value":268,"label":"przepisy"}]},"featured_image_src_large":["https:\/\/hiperinsulinka.pl\/wp-content\/uploads\/2022\/12\/wersja-jesienno-zimowa-4.png",300,400,false],"author_info":[],"comment_info":0,"_links":{"self":[{"href":"https:\/\/hiperinsulinka.pl\/index.php\/wp-json\/wp\/v2\/product\/7828","targetHints":{"allow":["GET"]}}],"collection":[{"href":"https:\/\/hiperinsulinka.pl\/index.php\/wp-json\/wp\/v2\/product"}],"about":[{"href":"https:\/\/hiperinsulinka.pl\/index.php\/wp-json\/wp\/v2\/types\/product"}],"replies":[{"embeddable":true,"href":"https:\/\/hiperinsulinka.pl\/index.php\/wp-json\/wp\/v2\/comments?post=7828"}],"version-history":[{"count":2,"href":"https:\/\/hiperinsulinka.pl\/index.php\/wp-json\/wp\/v2\/product\/7828\/revisions"}],"predecessor-version":[{"id":7843,"href":"https:\/\/hiperinsulinka.pl\/index.php\/wp-json\/wp\/v2\/product\/7828\/revisions\/7843"}],"wp:featuredmedia":[{"embeddable":true,"href":"https:\/\/hiperinsulinka.pl\/index.php\/wp-json\/wp\/v2\/media\/4682"}],"wp:attachment":[{"href":"https:\/\/hiperinsulinka.pl\/index.php\/wp-json\/wp\/v2\/media?parent=7828"}],"wp:term":[{"taxonomy":"product_brand","embeddable":true,"href":"https:\/\/hiperinsulinka.pl\/index.php\/wp-json\/wp\/v2\/product_brand?post=7828"},{"taxonomy":"product_cat","embeddable":true,"href":"https:\/\/hiperinsulinka.pl\/index.php\/wp-json\/wp\/v2\/product_cat?post=7828"},{"taxonomy":"product_tag","embeddable":true,"href":"https:\/\/hiperinsulinka.pl\/index.php\/wp-json\/wp\/v2\/product_tag?post=7828"}],"curies":[{"name":"wp","href":"https:\/\/api.w.org\/{rel}","templated":true}]}}