{"id":9805,"date":"2024-01-24T20:38:17","date_gmt":"2024-01-24T19:38:17","guid":{"rendered":"https:\/\/hiperinsulinka.pl\/?post_type=product&#038;p=9805"},"modified":"2026-03-07T11:01:29","modified_gmt":"2026-03-07T10:01:29","slug":"prosta-dieta-w-cukrzycy-ciazowej","status":"publish","type":"product","link":"https:\/\/hiperinsulinka.pl\/index.php\/produkt\/prosta-dieta-w-cukrzycy-ciazowej\/","title":{"rendered":"Prosta dieta w cukrzycy ci\u0105\u017cowej"},"content":{"rendered":"<p><span style=\"font-weight: 400;\">Jeste\u015b w ci\u0105\u017cy i zdiagnozowano u Ciebie cukrzyc\u0119? Nie wiesz jak powinien wygl\u0105da\u0107 Tw\u00f3j jad\u0142ospis, aby utrzyma\u0107 glikemi\u0119 na prawid\u0142owym poziomie ?<\/span><\/p>\n<p><span style=\"font-weight: 400;\">Stworzy\u0142am ten jad\u0142ospis specjalnie dla kobiet z cukrzyc\u0105 ci\u0105\u017cow\u0105, kt\u00f3re potrzebuj\u0105 zaawansowanej opieki dietetycznej, aby mog\u0142y w spokoju cieszy\u0107 si\u0119 ci\u0105\u017c\u0105 wiedz\u0105c jak komponowa\u0107 sw\u00f3j jad\u0142ospis bez obaw o wahania cukru.<\/span><\/p>\n<h4><span style=\"font-weight: 400;\">Dlaczego warto mi zaufa\u0107?<\/span><\/h4>\n<p><span style=\"font-weight: 400;\">Jestem dietetykiem i od 7 lat zajmuj\u0119 si\u0119 tematem insulinooporno\u015bci i cukrzycy. Z powodzeniem poprawiam zdrowie i samopoczucie moich podopiecznych. Teraz sama sta\u0142am si\u0119 swoj\u0105 podopieczn\u0105, gdy\u017c w ci\u0105\u017cy ujawni\u0142a si\u0119 u mnie cukrzyca ci\u0105\u017cowa ( ju\u017c w 7 tygodniu)\u00a0 i od tamtej pory przez ca\u0142\u0105 ci\u0105\u017c\u0119 jestem na diecie i mam stabilne wyniki \ud83d\ude42 Opracowa\u0142am jad\u0142ospisy w oparciu o moj\u0105 diet\u0119 i do\u015bwiadczenie. Wyniki na bie\u017c\u0105co monitoruje na sensorze oraz glukometrze.\u00a0<\/span><\/p>\n<p><span style=\"font-weight: 400;\">Posi\u0142ki s\u0105 szybkie i proste w przygotowaniu, bo wiem, \u017ce w ci\u0105\u017cy z cukrzyc\u0105 nie mamy ochoty non stop na wymy\u015blne i trudne w przygotowaniu potrawy.\u00a0<\/span><\/p>\n<h4><span style=\"font-weight: 400;\">Dlaczego warto mie\u0107 jad\u0142ospis?<\/span><\/h4>\n<ul>\n<li style=\"font-weight: 400;\" aria-level=\"1\"><span style=\"font-weight: 400;\">odci\u0105\u017cysz si\u0119 z my\u015blenia co zje\u015b\u0107, aby utrzyma\u0107 prawid\u0142owy poziom glikemii<\/span><\/li>\n<li style=\"font-weight: 400;\" aria-level=\"1\"><span style=\"font-weight: 400;\">unikniesz frustracji i zniech\u0119cenia do diety w cukrzycy ci\u0105\u017cowej<\/span><\/li>\n<li style=\"font-weight: 400;\" aria-level=\"1\"><span style=\"font-weight: 400;\">zaczniesz cieszy\u0107 si\u0119 diet\u0105<\/span><\/li>\n<li style=\"font-weight: 400;\" aria-level=\"1\"><span style=\"font-weight: 400;\">dostarczysz sobie niezb\u0119dnych w ci\u0105\u017cy makro i mikrosk\u0142adnik\u00f3w, od\u017cywisz siebie oraz swoje dziecko<\/span><\/li>\n<li style=\"font-weight: 400;\" aria-level=\"1\"><span style=\"font-weight: 400;\">oszcz\u0119dzisz czas i pieni\u0105dze<\/span><\/li>\n<li style=\"font-weight: 400;\" aria-level=\"1\"><span style=\"font-weight: 400;\">nauczysz si\u0119 zdrowych nawyk\u00f3w, kt\u00f3re zostan\u0105 z Tob\u0105 na d\u0142u\u017cej<\/span><\/li>\n<li style=\"font-weight: 400;\" aria-level=\"1\"><span style=\"font-weight: 400;\">ograniczysz marnowanie jedzenia<\/span><\/li>\n<li style=\"font-weight: 400;\" aria-level=\"1\"><span style=\"font-weight: 400;\">masz do dyspozycji list\u0119 zakup\u00f3w i zawsze b\u0119dziesz wiedzie\u0107 po co si\u0119gn\u0105\u0107 w sklepie<\/span><\/li>\n<\/ul>\n<p>&nbsp;<\/p>\n<h4><span style=\"font-weight: 400;\">Co otrzymujesz?<\/span><\/h4>\n<ul>\n<li style=\"font-weight: 400;\" aria-level=\"1\"><span style=\"font-weight: 400;\">prosty do zastosowania jad\u0142ospis z niskim indeksem glikemicznym\u00a0 na 7 dni ( 6 posi\u0142k\u00f3w w ci\u0105gu dnia uwzgl\u0119dniaj\u0105ce drug\u0105 kolacj\u0119)<\/span><\/li>\n<li style=\"font-weight: 400;\" aria-level=\"1\"><span style=\"font-weight: 400;\">3 kaloryczno\u015bci na ka\u017cdy trymestr ci\u0105\u017cy, aby\u015b wiedzia\u0142a jak zwi\u0119ksza\u0107 swoj\u0105 kaloryczno\u015b\u0107 na ka\u017cdym etapie ci\u0105\u017cy ( 2000kcal, 2250kcal, 2500kcal)<\/span><\/li>\n<li style=\"font-weight: 400;\" aria-level=\"1\"><span style=\"font-weight: 400;\">informacje na temat cukrzycy ci\u0105\u017cowej, kompozycji posi\u0142k\u00f3w, praktyczne wskaz\u00f3wki<\/span><\/li>\n<li style=\"font-weight: 400;\" aria-level=\"1\"><span style=\"font-weight: 400;\">list\u0119 zakup\u00f3w<\/span><\/li>\n<li style=\"font-weight: 400;\" aria-level=\"1\"><span style=\"font-weight: 400;\">polecane produkty<\/span><\/li>\n<li style=\"font-weight: 400;\" aria-level=\"1\"><span style=\"font-weight: 400;\">list\u0119 zamiennik\u00f3w<\/span><\/li>\n<\/ul>\n<p><img fetchpriority=\"high\" decoding=\"async\" class=\"alignnone size-large wp-image-9851\" src=\"https:\/\/hiperinsulinka.pl\/wp-content\/uploads\/2024\/01\/Zrzut-ekranu-2024-01-24-o-19.40.21-1024x587.png\" alt=\"\" width=\"1024\" height=\"587\" srcset=\"https:\/\/hiperinsulinka.pl\/wp-content\/uploads\/2024\/01\/Zrzut-ekranu-2024-01-24-o-19.40.21-1024x587.png 1024w, https:\/\/hiperinsulinka.pl\/wp-content\/uploads\/2024\/01\/Zrzut-ekranu-2024-01-24-o-19.40.21-300x172.png 300w, https:\/\/hiperinsulinka.pl\/wp-content\/uploads\/2024\/01\/Zrzut-ekranu-2024-01-24-o-19.40.21-150x86.png 150w, https:\/\/hiperinsulinka.pl\/wp-content\/uploads\/2024\/01\/Zrzut-ekranu-2024-01-24-o-19.40.21-768x440.png 768w, https:\/\/hiperinsulinka.pl\/wp-content\/uploads\/2024\/01\/Zrzut-ekranu-2024-01-24-o-19.40.21-600x344.png 600w, https:\/\/hiperinsulinka.pl\/wp-content\/uploads\/2024\/01\/Zrzut-ekranu-2024-01-24-o-19.40.21.png 1030w\" sizes=\"(max-width: 1024px) 100vw, 1024px\" \/><\/p>\n<h4><span style=\"font-weight: 400;\">Najcz\u0119stsze pytania:<\/span><\/h4>\n<p><strong>Czy ten jad\u0142ospis pozwoli mi wyregulowa\u0107 glikemi\u0119?<\/strong><\/p>\n<p><span style=\"font-weight: 400;\">Tak, jad\u0142ospis oparty jest na niskim indeksie glikemicznym, prawid\u0142owej kompozycji posi\u0142k\u00f3w oraz rozk\u0142adzie makrosk\u0142adnik\u00f3w w ci\u0105gu dnia, kt\u00f3re pozwol\u0105 ustabilizowa\u0107 poziom glikemii. Dodatkowo dodana jest druga kolacja, kt\u00f3ra zapobiega nocnej hipoglikemii i reguluje poranne cukry.\u00a0<\/span><\/p>\n<p><strong>Dlaczego w cukrzycy ci\u0105\u017cowej jest 6 posi\u0142k\u00f3w?<\/strong><\/p>\n<p><span style=\"font-weight: 400;\">W cukrzycy ci\u0105\u017cowej korzystniej jest spo\u017cywa\u0107 mniejsze i cz\u0119stsze posi\u0142ki zamiast kilku obfitych. Ograniczamy tym samym \u0142adunek glikemiczny posi\u0142k\u00f3w i sp\u0142aszczamy krzywe glikemii. Dodatkowo w\u0142\u0105czamy drug\u0105 kolacj\u0119 ok. 22 lub je\u015bli chodzisz wcze\u015bnie spa\u0107 to przed snem \ud83d\ude42<\/span><\/p>\n<p><strong>W jakich porach dnia mam zmie\u015bci\u0107 a\u017c 6 posi\u0142k\u00f3w?<\/strong><\/p>\n<p><span style=\"font-weight: 400;\">Najkorzystniej jest utrzymywa\u0107 odst\u0119py 2,5-3 godzinne mi\u0119dzy posi\u0142kami. Je\u015bli nie b\u0119dziesz si\u0119 przejada\u0107 to organizm sam upomni si\u0119 o posi\u0142ek.<\/span><\/p>\n<p><strong>Co je\u015bli nie dam rady zje\u015b\u0107 6 posi\u0142k\u00f3w?<\/strong><\/p>\n<p><span style=\"font-weight: 400;\">Czasem w ci\u0105gu dnia mamy du\u017co obowi\u0105zk\u00f3w lub zwyczajnie brak nam apetytu. Wtedy nie zmuszamy si\u0119 na si\u0142\u0119 do kolejnego posi\u0142ku, ale staramy si\u0119 nie pomija\u0107 drugiej kolacji. Tak samo je\u015bli nie masz ochoty dojada\u0107 ca\u0142o\u015bci posi\u0142ku- zostaw i zjedz tyle ile mo\u017cesz.<\/span><\/p>\n<p><strong>Co je\u015bli nie lubi\u0119 sk\u0142adnik\u00f3w u\u017cytych w jad\u0142ospisie?<\/strong><\/p>\n<p><span style=\"font-weight: 400;\">Podana jest wygodna lista zamiennik\u00f3w, gdzie nielubiany produkt mo\u017cesz wymieni\u0107 na inny bez obaw, \u017ce przepadnie Ci posi\u0142ek z diety.<\/span><\/p>\n<p><strong>Czy w diecie s\u0105 jakie\u015b s\u0142odko\u015bci?<\/strong><\/p>\n<p><span style=\"font-weight: 400;\">Tak \ud83d\ude42 Sama wiem, jak w ci\u0105\u017cy mamy ochot\u0119 na s\u0142odkie rzeczy. Zamie\u015bci\u0142am zdrowe, zbilansowane s\u0142odkie posi\u0142ki jak: szarlotka, brownie, skyrniczek, placuszki, aby\u015b zaspokoi\u0142a swoj\u0105 ochot\u0119 na s\u0142odycze bez konsekwencji waha\u0144 glikemii i si\u0119gania po komercyjne niezdrowe s\u0142odycze.<\/span><\/p>\n<h4>Opinie o diecie:<\/h4>\n<p><img decoding=\"async\" class=\"alignnone size-full wp-image-10328\" src=\"https:\/\/hiperinsulinka.pl\/wp-content\/uploads\/2024\/01\/1.png\" alt=\"\" width=\"500\" height=\"300\" srcset=\"https:\/\/hiperinsulinka.pl\/wp-content\/uploads\/2024\/01\/1.png 500w, https:\/\/hiperinsulinka.pl\/wp-content\/uploads\/2024\/01\/1-300x180.png 300w, https:\/\/hiperinsulinka.pl\/wp-content\/uploads\/2024\/01\/1-150x90.png 150w\" sizes=\"(max-width: 500px) 100vw, 500px\" \/> <img decoding=\"async\" class=\"alignnone size-large wp-image-10329\" src=\"https:\/\/hiperinsulinka.pl\/wp-content\/uploads\/2024\/01\/2.png\" alt=\"\" width=\"500\" height=\"300\" srcset=\"https:\/\/hiperinsulinka.pl\/wp-content\/uploads\/2024\/01\/2.png 500w, https:\/\/hiperinsulinka.pl\/wp-content\/uploads\/2024\/01\/2-300x180.png 300w, https:\/\/hiperinsulinka.pl\/wp-content\/uploads\/2024\/01\/2-150x90.png 150w\" sizes=\"(max-width: 500px) 100vw, 500px\" \/> <img loading=\"lazy\" decoding=\"async\" class=\"alignnone size-large wp-image-10330\" src=\"https:\/\/hiperinsulinka.pl\/wp-content\/uploads\/2024\/01\/3.png\" alt=\"\" width=\"500\" height=\"300\" srcset=\"https:\/\/hiperinsulinka.pl\/wp-content\/uploads\/2024\/01\/3.png 500w, https:\/\/hiperinsulinka.pl\/wp-content\/uploads\/2024\/01\/3-300x180.png 300w, https:\/\/hiperinsulinka.pl\/wp-content\/uploads\/2024\/01\/3-150x90.png 150w\" sizes=\"(max-width: 500px) 100vw, 500px\" \/><\/p>\n<h4><span style=\"font-weight: 400;\">Jak i kiedy otrzymasz sw\u00f3j jad\u0142ospis?<\/span><\/h4>\n<ul>\n<li style=\"font-weight: 400;\" aria-level=\"1\"><span style=\"font-weight: 400;\">Po zaksi\u0119gowaniu wp\u0142aty na stronie pojawia si\u0119 link do pobrania diety. Dieta jest r\u00f3wnie\u017c dost\u0119pna przez ca\u0142y czas na podanym przez Ciebie emailu. Uwa\u017caj, zdarza si\u0119, \u017ce wiadomo\u015b\u0107 wpada do spamu lub ofertach.<\/span><\/li>\n<li style=\"font-weight: 400;\" aria-level=\"1\"><span style=\"font-weight: 400;\">W wiadomo\u015bci po prawej stronie jest link do pobrania diety. Dost\u0119p do niej masz na 30 dni, dlatego nie zapomnij pobra\u0107 diety \ud83d\ude42<\/span><\/li>\n<li style=\"font-weight: 400;\" aria-level=\"1\"><span style=\"font-weight: 400;\">Pliki otrzymujesz w formie <strong>pdf<\/strong><\/span><\/li>\n<\/ul>\n<p>Pami\u0119taj, \u017ce dieta to nie wszystko i u niekt\u00f3rych kobiet mimo jej stosowania nie b\u0119dzie da\u0142o si\u0119 wyregulowa\u0107 glikemii tylko diet\u0105, ale b\u0119dzie potrzeba w\u0142\u0105czenia leczenia insulin\u0105. Skonsultuj si\u0119 wtedy ze swoim lekarzem.<\/p>\n","protected":false},"excerpt":{"rendered":"<p>Dieta jest przeznaczona dla kobiet ze zdiagnozowan\u0105 cukrzyc\u0105 ci\u0105\u017cow\u0105, kt\u00f3re reguluj\u0105 glikemi\u0119 sam\u0105 diet\u0105 jak i tych leczonych insulin\u0105. Dieta to fundament dla ka\u017cdej kobiety w okresie ci\u0105\u017cy. Otrzymujesz trzy warianty kaloryczne ( 3 diety !!) na ka\u017cdy trymestr ci\u0105\u017cy ( 2000 kcal, 2250 kcal, 2500 kcal).<\/p>\n<p><span style=\"font-size: 8pt;\">Poprzednia najni\u017csza cena: 139 z\u0142<\/span><\/p>\n","protected":false},"featured_media":11838,"comment_status":"open","ping_status":"closed","template":"","meta":{"_acf_changed":false,"_kad_blocks_custom_css":"","_kad_blocks_head_custom_js":"","_kad_blocks_body_custom_js":"","_kad_blocks_footer_custom_js":"","_kad_post_transparent":"default","_kad_post_title":"","_kad_post_layout":"default","_kad_post_sidebar_id":"","_kad_post_content_style":"default","_kad_post_vertical_padding":"default","_kad_post_feature":"","_kad_post_feature_position":"","_kad_post_header":false,"_kad_post_footer":false},"product_brand":[],"product_cat":[205],"product_tag":[270,223],"class_list":{"0":"post-9805","1":"product","2":"type-product","3":"status-publish","4":"has-post-thumbnail","6":"product_cat-diety","7":"product_tag-cukrzyca-ciazowa","8":"product_tag-gotowy-jadlospis","10":"first","11":"instock","12":"sale","13":"downloadable","14":"virtual","15":"purchasable","16":"product-type-simple","17":"entry","18":"content-bg","19":"loop-entry"},"acf":[],"yoast_head":"<!-- This site is optimized with the Yoast SEO plugin v27.1.1 - https:\/\/yoast.com\/product\/yoast-seo-wordpress\/ -->\n<title>Prosta dieta w cukrzycy ci\u0105\u017cowej - Hiperinsulinka<\/title>\n<meta name=\"description\" content=\"Poznaj pyszne i proste jad\u0142ospisy przeznaczone dla kobiet ze zdiagnozowan\u0105 cukrzyc\u0105 ci\u0105\u017cow\u0105 i zadbaj o zdrowie swoje oraz swojego maluszka.\" \/>\n<meta name=\"robots\" content=\"index, follow, max-snippet:-1, max-image-preview:large, max-video-preview:-1\" \/>\n<link rel=\"canonical\" href=\"https:\/\/hiperinsulinka.pl\/index.php\/produkt\/prosta-dieta-w-cukrzycy-ciazowej\/\" \/>\n<meta property=\"og:locale\" content=\"pl_PL\" \/>\n<meta property=\"og:type\" content=\"article\" \/>\n<meta property=\"og:title\" content=\"Prosta dieta w cukrzycy ci\u0105\u017cowej - Hiperinsulinka\" \/>\n<meta property=\"og:description\" content=\"Poznaj pyszne i proste jad\u0142ospisy przeznaczone dla kobiet ze zdiagnozowan\u0105 cukrzyc\u0105 ci\u0105\u017cow\u0105 i zadbaj o zdrowie swoje oraz swojego maluszka.\" \/>\n<meta property=\"og:url\" content=\"https:\/\/hiperinsulinka.pl\/index.php\/produkt\/prosta-dieta-w-cukrzycy-ciazowej\/\" \/>\n<meta property=\"og:site_name\" content=\"Hiperinsulinka\" \/>\n<meta property=\"article:modified_time\" content=\"2026-03-07T10:01:29+00:00\" \/>\n<meta property=\"og:image\" content=\"https:\/\/hiperinsulinka.pl\/wp-content\/uploads\/2024\/01\/14.jpg\" \/>\n\t<meta property=\"og:image:width\" content=\"300\" \/>\n\t<meta property=\"og:image:height\" content=\"400\" \/>\n\t<meta property=\"og:image:type\" content=\"image\/jpeg\" \/>\n<meta name=\"twitter:card\" content=\"summary_large_image\" \/>\n<meta name=\"twitter:label1\" content=\"Szacowany czas czytania\" \/>\n\t<meta name=\"twitter:data1\" content=\"5 minut\" \/>\n<script type=\"application\/ld+json\" class=\"yoast-schema-graph\">{\"@context\":\"https:\/\/schema.org\",\"@graph\":[{\"@type\":\"WebPage\",\"@id\":\"https:\/\/hiperinsulinka.pl\/index.php\/produkt\/prosta-dieta-w-cukrzycy-ciazowej\/\",\"url\":\"https:\/\/hiperinsulinka.pl\/index.php\/produkt\/prosta-dieta-w-cukrzycy-ciazowej\/\",\"name\":\"Prosta dieta w cukrzycy ci\u0105\u017cowej - Hiperinsulinka\",\"isPartOf\":{\"@id\":\"https:\/\/hiperinsulinka.pl\/#website\"},\"primaryImageOfPage\":{\"@id\":\"https:\/\/hiperinsulinka.pl\/index.php\/produkt\/prosta-dieta-w-cukrzycy-ciazowej\/#primaryimage\"},\"image\":{\"@id\":\"https:\/\/hiperinsulinka.pl\/index.php\/produkt\/prosta-dieta-w-cukrzycy-ciazowej\/#primaryimage\"},\"thumbnailUrl\":\"https:\/\/hiperinsulinka.pl\/wp-content\/uploads\/2024\/01\/14.jpg\",\"datePublished\":\"2024-01-24T19:38:17+00:00\",\"dateModified\":\"2026-03-07T10:01:29+00:00\",\"description\":\"Poznaj pyszne i proste jad\u0142ospisy przeznaczone dla kobiet ze zdiagnozowan\u0105 cukrzyc\u0105 ci\u0105\u017cow\u0105 i zadbaj o zdrowie swoje oraz swojego maluszka.\",\"breadcrumb\":{\"@id\":\"https:\/\/hiperinsulinka.pl\/index.php\/produkt\/prosta-dieta-w-cukrzycy-ciazowej\/#breadcrumb\"},\"inLanguage\":\"pl-PL\",\"potentialAction\":[{\"@type\":\"ReadAction\",\"target\":[\"https:\/\/hiperinsulinka.pl\/index.php\/produkt\/prosta-dieta-w-cukrzycy-ciazowej\/\"]}]},{\"@type\":\"ImageObject\",\"inLanguage\":\"pl-PL\",\"@id\":\"https:\/\/hiperinsulinka.pl\/index.php\/produkt\/prosta-dieta-w-cukrzycy-ciazowej\/#primaryimage\",\"url\":\"https:\/\/hiperinsulinka.pl\/wp-content\/uploads\/2024\/01\/14.jpg\",\"contentUrl\":\"https:\/\/hiperinsulinka.pl\/wp-content\/uploads\/2024\/01\/14.jpg\",\"width\":300,\"height\":400},{\"@type\":\"BreadcrumbList\",\"@id\":\"https:\/\/hiperinsulinka.pl\/index.php\/produkt\/prosta-dieta-w-cukrzycy-ciazowej\/#breadcrumb\",\"itemListElement\":[{\"@type\":\"ListItem\",\"position\":1,\"name\":\"Strona g\u0142\u00f3wna\",\"item\":\"https:\/\/hiperinsulinka.pl\/\"},{\"@type\":\"ListItem\",\"position\":2,\"name\":\"Sklep\",\"item\":\"https:\/\/hiperinsulinka.pl\/index.php\/sklep\/\"},{\"@type\":\"ListItem\",\"position\":3,\"name\":\"Prosta dieta w cukrzycy ci\u0105\u017cowej\"}]},{\"@type\":\"WebSite\",\"@id\":\"https:\/\/hiperinsulinka.pl\/#website\",\"url\":\"https:\/\/hiperinsulinka.pl\/\",\"name\":\"Hiperinsulinka\",\"description\":\"Dietetyk ds. insulinooporno\u015bci i p\u0142odno\u015bci\",\"publisher\":{\"@id\":\"https:\/\/hiperinsulinka.pl\/#organization\"},\"potentialAction\":[{\"@type\":\"SearchAction\",\"target\":{\"@type\":\"EntryPoint\",\"urlTemplate\":\"https:\/\/hiperinsulinka.pl\/?s={search_term_string}\"},\"query-input\":{\"@type\":\"PropertyValueSpecification\",\"valueRequired\":true,\"valueName\":\"search_term_string\"}}],\"inLanguage\":\"pl-PL\"},{\"@type\":\"Organization\",\"@id\":\"https:\/\/hiperinsulinka.pl\/#organization\",\"name\":\"Hiperinsulinka\",\"url\":\"https:\/\/hiperinsulinka.pl\/\",\"logo\":{\"@type\":\"ImageObject\",\"inLanguage\":\"pl-PL\",\"@id\":\"https:\/\/hiperinsulinka.pl\/#\/schema\/logo\/image\/\",\"url\":\"https:\/\/hiperinsulinka.pl\/wp-content\/uploads\/2018\/01\/cropped-logo_final2.png\",\"contentUrl\":\"https:\/\/hiperinsulinka.pl\/wp-content\/uploads\/2018\/01\/cropped-logo_final2.png\",\"width\":451,\"height\":186,\"caption\":\"Hiperinsulinka\"},\"image\":{\"@id\":\"https:\/\/hiperinsulinka.pl\/#\/schema\/logo\/image\/\"}}]}<\/script>\n<!-- \/ Yoast SEO plugin. -->","yoast_head_json":{"title":"Prosta dieta w cukrzycy ci\u0105\u017cowej - Hiperinsulinka","description":"Poznaj pyszne i proste jad\u0142ospisy przeznaczone dla kobiet ze zdiagnozowan\u0105 cukrzyc\u0105 ci\u0105\u017cow\u0105 i zadbaj o zdrowie swoje oraz swojego maluszka.","robots":{"index":"index","follow":"follow","max-snippet":"max-snippet:-1","max-image-preview":"max-image-preview:large","max-video-preview":"max-video-preview:-1"},"canonical":"https:\/\/hiperinsulinka.pl\/index.php\/produkt\/prosta-dieta-w-cukrzycy-ciazowej\/","og_locale":"pl_PL","og_type":"article","og_title":"Prosta dieta w cukrzycy ci\u0105\u017cowej - Hiperinsulinka","og_description":"Poznaj pyszne i proste jad\u0142ospisy przeznaczone dla kobiet ze zdiagnozowan\u0105 cukrzyc\u0105 ci\u0105\u017cow\u0105 i zadbaj o zdrowie swoje oraz swojego maluszka.","og_url":"https:\/\/hiperinsulinka.pl\/index.php\/produkt\/prosta-dieta-w-cukrzycy-ciazowej\/","og_site_name":"Hiperinsulinka","article_modified_time":"2026-03-07T10:01:29+00:00","og_image":[{"width":300,"height":400,"url":"https:\/\/hiperinsulinka.pl\/wp-content\/uploads\/2024\/01\/14.jpg","type":"image\/jpeg"}],"twitter_card":"summary_large_image","twitter_misc":{"Szacowany czas czytania":"5 minut"},"schema":{"@context":"https:\/\/schema.org","@graph":[{"@type":"WebPage","@id":"https:\/\/hiperinsulinka.pl\/index.php\/produkt\/prosta-dieta-w-cukrzycy-ciazowej\/","url":"https:\/\/hiperinsulinka.pl\/index.php\/produkt\/prosta-dieta-w-cukrzycy-ciazowej\/","name":"Prosta dieta w cukrzycy ci\u0105\u017cowej - Hiperinsulinka","isPartOf":{"@id":"https:\/\/hiperinsulinka.pl\/#website"},"primaryImageOfPage":{"@id":"https:\/\/hiperinsulinka.pl\/index.php\/produkt\/prosta-dieta-w-cukrzycy-ciazowej\/#primaryimage"},"image":{"@id":"https:\/\/hiperinsulinka.pl\/index.php\/produkt\/prosta-dieta-w-cukrzycy-ciazowej\/#primaryimage"},"thumbnailUrl":"https:\/\/hiperinsulinka.pl\/wp-content\/uploads\/2024\/01\/14.jpg","datePublished":"2024-01-24T19:38:17+00:00","dateModified":"2026-03-07T10:01:29+00:00","description":"Poznaj pyszne i proste jad\u0142ospisy przeznaczone dla kobiet ze zdiagnozowan\u0105 cukrzyc\u0105 ci\u0105\u017cow\u0105 i zadbaj o zdrowie swoje oraz swojego maluszka.","breadcrumb":{"@id":"https:\/\/hiperinsulinka.pl\/index.php\/produkt\/prosta-dieta-w-cukrzycy-ciazowej\/#breadcrumb"},"inLanguage":"pl-PL","potentialAction":[{"@type":"ReadAction","target":["https:\/\/hiperinsulinka.pl\/index.php\/produkt\/prosta-dieta-w-cukrzycy-ciazowej\/"]}]},{"@type":"ImageObject","inLanguage":"pl-PL","@id":"https:\/\/hiperinsulinka.pl\/index.php\/produkt\/prosta-dieta-w-cukrzycy-ciazowej\/#primaryimage","url":"https:\/\/hiperinsulinka.pl\/wp-content\/uploads\/2024\/01\/14.jpg","contentUrl":"https:\/\/hiperinsulinka.pl\/wp-content\/uploads\/2024\/01\/14.jpg","width":300,"height":400},{"@type":"BreadcrumbList","@id":"https:\/\/hiperinsulinka.pl\/index.php\/produkt\/prosta-dieta-w-cukrzycy-ciazowej\/#breadcrumb","itemListElement":[{"@type":"ListItem","position":1,"name":"Strona g\u0142\u00f3wna","item":"https:\/\/hiperinsulinka.pl\/"},{"@type":"ListItem","position":2,"name":"Sklep","item":"https:\/\/hiperinsulinka.pl\/index.php\/sklep\/"},{"@type":"ListItem","position":3,"name":"Prosta dieta w cukrzycy ci\u0105\u017cowej"}]},{"@type":"WebSite","@id":"https:\/\/hiperinsulinka.pl\/#website","url":"https:\/\/hiperinsulinka.pl\/","name":"Hiperinsulinka","description":"Dietetyk ds. insulinooporno\u015bci i p\u0142odno\u015bci","publisher":{"@id":"https:\/\/hiperinsulinka.pl\/#organization"},"potentialAction":[{"@type":"SearchAction","target":{"@type":"EntryPoint","urlTemplate":"https:\/\/hiperinsulinka.pl\/?s={search_term_string}"},"query-input":{"@type":"PropertyValueSpecification","valueRequired":true,"valueName":"search_term_string"}}],"inLanguage":"pl-PL"},{"@type":"Organization","@id":"https:\/\/hiperinsulinka.pl\/#organization","name":"Hiperinsulinka","url":"https:\/\/hiperinsulinka.pl\/","logo":{"@type":"ImageObject","inLanguage":"pl-PL","@id":"https:\/\/hiperinsulinka.pl\/#\/schema\/logo\/image\/","url":"https:\/\/hiperinsulinka.pl\/wp-content\/uploads\/2018\/01\/cropped-logo_final2.png","contentUrl":"https:\/\/hiperinsulinka.pl\/wp-content\/uploads\/2018\/01\/cropped-logo_final2.png","width":451,"height":186,"caption":"Hiperinsulinka"},"image":{"@id":"https:\/\/hiperinsulinka.pl\/#\/schema\/logo\/image\/"}}]}},"taxonomy_info":{"product_cat":[{"value":205,"label":"Diety"}],"product_tag":[{"value":270,"label":"cukrzyca ci\u0105\u017cowa"},{"value":223,"label":"gotowy jad\u0142ospis"}]},"featured_image_src_large":["https:\/\/hiperinsulinka.pl\/wp-content\/uploads\/2024\/01\/14.jpg",300,400,false],"author_info":[],"comment_info":0,"_links":{"self":[{"href":"https:\/\/hiperinsulinka.pl\/index.php\/wp-json\/wp\/v2\/product\/9805","targetHints":{"allow":["GET"]}}],"collection":[{"href":"https:\/\/hiperinsulinka.pl\/index.php\/wp-json\/wp\/v2\/product"}],"about":[{"href":"https:\/\/hiperinsulinka.pl\/index.php\/wp-json\/wp\/v2\/types\/product"}],"replies":[{"embeddable":true,"href":"https:\/\/hiperinsulinka.pl\/index.php\/wp-json\/wp\/v2\/comments?post=9805"}],"version-history":[{"count":9,"href":"https:\/\/hiperinsulinka.pl\/index.php\/wp-json\/wp\/v2\/product\/9805\/revisions"}],"predecessor-version":[{"id":11179,"href":"https:\/\/hiperinsulinka.pl\/index.php\/wp-json\/wp\/v2\/product\/9805\/revisions\/11179"}],"wp:featuredmedia":[{"embeddable":true,"href":"https:\/\/hiperinsulinka.pl\/index.php\/wp-json\/wp\/v2\/media\/11838"}],"wp:attachment":[{"href":"https:\/\/hiperinsulinka.pl\/index.php\/wp-json\/wp\/v2\/media?parent=9805"}],"wp:term":[{"taxonomy":"product_brand","embeddable":true,"href":"https:\/\/hiperinsulinka.pl\/index.php\/wp-json\/wp\/v2\/product_brand?post=9805"},{"taxonomy":"product_cat","embeddable":true,"href":"https:\/\/hiperinsulinka.pl\/index.php\/wp-json\/wp\/v2\/product_cat?post=9805"},{"taxonomy":"product_tag","embeddable":true,"href":"https:\/\/hiperinsulinka.pl\/index.php\/wp-json\/wp\/v2\/product_tag?post=9805"}],"curies":[{"name":"wp","href":"https:\/\/api.w.org\/{rel}","templated":true}]}}